{"id":36347,"date":"2024-04-05T14:01:41","date_gmt":"2024-04-05T12:01:41","guid":{"rendered":"https:\/\/codecsa.ch\/cerritos\/entreprise\/request-a-quote\/"},"modified":"2026-03-19T10:01:11","modified_gmt":"2026-03-19T09:01:11","slug":"request-a-quote","status":"publish","type":"page","link":"https:\/\/codecsa.ch\/en\/entreprise\/request-a-quote\/","title":{"rendered":"Request a Quote"},"content":{"rendered":"<p>[et_pb_section fb_built=&#8221;1&#8243; _builder_version=&#8221;4.25.1&#8243; _module_preset=&#8221;default&#8221; background_color=&#8221;#1f3449&#8243; custom_margin=&#8221;0vh||0vh|0vh|false|false&#8221; custom_margin_tablet=&#8221;0vh||0vh|2vh|false|false&#8221; custom_margin_phone=&#8221;0vh||0vh|0vh|false|false&#8221; custom_margin_last_edited=&#8221;on|phone&#8221; custom_padding=&#8221;9vh||1px||false|false&#8221; hover_enabled=&#8221;0&#8243; border_radii=&#8221;off|85px|||85px&#8221; global_colors_info=&#8221;{}&#8221; width=&#8221;99%&#8221; module_alignment=&#8221;right&#8221; sticky_enabled=&#8221;0&#8243;][et_pb_row custom_padding_last_edited=&#8221;on|phone&#8221; _builder_version=&#8221;4.25.0&#8243; _module_preset=&#8221;default&#8221; background_enable_color=&#8221;off&#8221; background_enable_video_mp4=&#8221;off&#8221; width=&#8221;auto&#8221; max_width=&#8221;2560px&#8221; custom_margin=&#8221;2vh|0px|2vh|2vh|false|false&#8221; custom_margin_tablet=&#8221;2vh|0px|2vh|2vh|false|false&#8221; custom_margin_phone=&#8221;|1vh||1vh|false|true&#8221; custom_margin_last_edited=&#8221;on|phone&#8221; custom_padding=&#8221;0px||||false|false&#8221; custom_padding_tablet=&#8221;30vh||||false|false&#8221; custom_padding_phone=&#8221;4vh||||false|false&#8221; border_radii=&#8221;off|85px|||85px&#8221; border_radii_tablet=&#8221;off|85px|||85px&#8221; border_radii_phone=&#8221;off|85px|||85px&#8221; border_radii_last_edited=&#8221;on|phone&#8221; global_colors_info=&#8221;{}&#8221;][et_pb_column type=&#8221;4_4&#8243; _builder_version=&#8221;4.24.3&#8243; _module_preset=&#8221;default&#8221; global_colors_info=&#8221;{}&#8221;][et_pb_text _builder_version=&#8221;4.25.0&#8243; _module_preset=&#8221;default&#8221; header_font=&#8221;Gotham Ultra|||on|||||&#8221; header_text_color=&#8221;#FFFFFF&#8221; header_font_size=&#8221;65px&#8221; custom_margin=&#8221;||36px|||&#8221; custom_margin_tablet=&#8221;||36px|||&#8221; custom_margin_phone=&#8221;||36px|||&#8221; custom_margin_last_edited=&#8221;on|phone&#8221; custom_padding=&#8221;26vh|||10vh|false|false&#8221; custom_padding_tablet=&#8221;|||10vh|false|false&#8221; custom_padding_phone=&#8221;5vh|||3vh|false|false&#8221; custom_padding_last_edited=&#8221;on|desktop&#8221; header_font_size_tablet=&#8221;65px&#8221; header_font_size_phone=&#8221;30px&#8221; header_font_size_last_edited=&#8221;on|phone&#8221; global_colors_info=&#8221;{}&#8221;]<\/p>\n<h1>Request<br \/>a Quote<\/h1>\n<p>[\/et_pb_text][et_pb_divider color=&#8221;#FFFFFF&#8221; divider_weight=&#8221;3px&#8221; divider_weight_tablet=&#8221;3px&#8221; divider_weight_phone=&#8221;3px&#8221; divider_weight_last_edited=&#8221;on|phone&#8221; _builder_version=&#8221;4.25.0&#8243; _module_preset=&#8221;default&#8221; width=&#8221;23%&#8221; custom_padding=&#8221;|||10vh|false|false&#8221; custom_padding_tablet=&#8221;|||10vh|false|false&#8221; custom_padding_phone=&#8221;|||1vh|false|false&#8221; custom_padding_last_edited=&#8221;on|phone&#8221; global_colors_info=&#8221;{}&#8221;][\/et_pb_divider][\/et_pb_column][\/et_pb_row][\/et_pb_section][et_pb_section fb_built=&#8221;1&#8243; _builder_version=&#8221;4.25.1&#8243; _module_preset=&#8221;default&#8221; background_color=&#8221;#202020&#8243; background_enable_image=&#8221;off&#8221; custom_margin=&#8221;2vh|||0vh|false|false&#8221; custom_margin_tablet=&#8221;2vh|||2vh|false|false&#8221; custom_margin_phone=&#8221;|||0vh|false|false&#8221; custom_margin_last_edited=&#8221;on|phone&#8221; hover_enabled=&#8221;0&#8243; border_radii=&#8221;off|85px|||85px&#8221; global_colors_info=&#8221;{}&#8221; width=&#8221;99%&#8221; module_alignment=&#8221;right&#8221; sticky_enabled=&#8221;0&#8243;][et_pb_row _builder_version=&#8221;4.25.0&#8243; _module_preset=&#8221;default&#8221; z_index=&#8221;49&#8243; width=&#8221;60%&#8221; width_tablet=&#8221;60%&#8221; width_phone=&#8221;100%&#8221; width_last_edited=&#8221;on|phone&#8221; max_width=&#8221;2560px&#8221; global_colors_info=&#8221;{}&#8221;][et_pb_column type=&#8221;4_4&#8243; _builder_version=&#8221;4.25.0&#8243; _module_preset=&#8221;default&#8221; global_colors_info=&#8221;{}&#8221;][et_pb_wpt_contact_form_7 contact_form_id=&#8221;cf7-31158&#8243; _builder_version=&#8221;4.25.0&#8243; _module_preset=&#8221;default&#8221; field_error_font=&#8221;Gotham Bold||||||||&#8221; form_success_font=&#8221;Gotham Bold||||||||&#8221; radio_checkbox_options_label_font=&#8221;Gotham Medium||||||||&#8221; radio_checkbox_options_label_text_color=&#8221;#FFFFFF&#8221; radio_checkbox_options_label_font_size=&#8221;17px&#8221; text_select_font=&#8221;Gotham Medium||||||||&#8221; text_select_font_size=&#8221;17px&#8221; custom_form_button=&#8221;on&#8221; form_button_text_size=&#8221;17px&#8221; form_button_text_color=&#8221;#FFFFFF&#8221; form_button_font=&#8221;Gotham Bold||||||||&#8221; form_button_alignment=&#8221;right&#8221; form_button_custom_padding=&#8221;2vh|2vh|2vh|2vh|true|true&#8221; form_button_custom_padding_tablet=&#8221;2vh|2vh|2vh|2vh|true|true&#8221; form_button_custom_padding_phone=&#8221;1vh||1vh||true|true&#8221; form_button_custom_padding_last_edited=&#8221;on|phone&#8221; form_button_alignment_tablet=&#8221;right&#8221; form_button_alignment_phone=&#8221;center&#8221; form_button_alignment_last_edited=&#8221;on|phone&#8221; global_colors_info=&#8221;{}&#8221;][\/et_pb_wpt_contact_form_7][\/et_pb_column][\/et_pb_row][\/et_pb_section]<\/p>\n","protected":false},"excerpt":{"rendered":"<p>Requesta Quote<\/p>\n","protected":false},"author":6,"featured_media":35586,"parent":36326,"menu_order":6,"comment_status":"closed","ping_status":"closed","template":"","meta":{"_et_pb_use_builder":"on","_et_pb_old_content":"","_et_gb_content_width":"","footnotes":""},"class_list":["post-36347","page","type-page","status-publish","has-post-thumbnail","hentry"],"yoast_head":"<!-- This site is optimized with the Yoast SEO plugin v27.6 - https:\/\/yoast.com\/product\/yoast-seo-wordpress\/ -->\n<title>Request a Quote - Codec SA<\/title>\n<meta name=\"description\" content=\"Request a quote from Codec SA. We will respond as soon as possible and will dedicate our energy to fulfilling your request.\" \/>\n<meta name=\"robots\" content=\"index, follow, max-snippet:-1, max-image-preview:large, max-video-preview:-1\" \/>\n<link rel=\"canonical\" href=\"https:\/\/codecsa.ch\/en\/entreprise\/request-a-quote\/\" \/>\n<meta property=\"og:locale\" content=\"en_US\" \/>\n<meta property=\"og:type\" content=\"article\" \/>\n<meta property=\"og:title\" content=\"Request a Quote - Codec SA\" \/>\n<meta property=\"og:description\" content=\"Request a quote from Codec SA. We will respond as soon as possible and will dedicate our energy to fulfilling your request.\" \/>\n<meta property=\"og:url\" content=\"https:\/\/codecsa.ch\/en\/entreprise\/request-a-quote\/\" \/>\n<meta property=\"og:site_name\" content=\"Codec SA\" \/>\n<meta property=\"article:modified_time\" content=\"2026-03-19T09:01:11+00:00\" \/>\n<meta property=\"og:image\" content=\"https:\/\/codecsa.ch\/wp-content\/uploads\/2024\/04\/Demander-une-offre-a-Codec-SA.jpg\" \/>\n\t<meta property=\"og:image:width\" content=\"1920\" \/>\n\t<meta property=\"og:image:height\" content=\"1080\" \/>\n\t<meta property=\"og:image:type\" content=\"image\/jpeg\" \/>\n<meta name=\"twitter:card\" content=\"summary_large_image\" \/>\n<meta name=\"twitter:label1\" content=\"Est. reading time\" \/>\n\t<meta name=\"twitter:data1\" content=\"3 minutes\" \/>\n<script type=\"application\/ld+json\" class=\"yoast-schema-graph\">{\"@context\":\"https:\\\/\\\/schema.org\",\"@graph\":[{\"@type\":\"WebPage\",\"@id\":\"https:\\\/\\\/codecsa.ch\\\/en\\\/entreprise\\\/request-a-quote\\\/\",\"url\":\"https:\\\/\\\/codecsa.ch\\\/en\\\/entreprise\\\/request-a-quote\\\/\",\"name\":\"Request a Quote - Codec SA\",\"isPartOf\":{\"@id\":\"https:\\\/\\\/codecsa.ch\\\/en\\\/#website\"},\"primaryImageOfPage\":{\"@id\":\"https:\\\/\\\/codecsa.ch\\\/en\\\/entreprise\\\/request-a-quote\\\/#primaryimage\"},\"image\":{\"@id\":\"https:\\\/\\\/codecsa.ch\\\/en\\\/entreprise\\\/request-a-quote\\\/#primaryimage\"},\"thumbnailUrl\":\"https:\\\/\\\/codecsa.ch\\\/wp-content\\\/uploads\\\/2024\\\/04\\\/Demander-une-offre-a-Codec-SA.jpg\",\"datePublished\":\"2024-04-05T12:01:41+00:00\",\"dateModified\":\"2026-03-19T09:01:11+00:00\",\"description\":\"Request a quote from Codec SA. We will respond as soon as possible and will dedicate our energy to fulfilling your request.\",\"breadcrumb\":{\"@id\":\"https:\\\/\\\/codecsa.ch\\\/en\\\/entreprise\\\/request-a-quote\\\/#breadcrumb\"},\"inLanguage\":\"en-US\",\"potentialAction\":[{\"@type\":\"ReadAction\",\"target\":[\"https:\\\/\\\/codecsa.ch\\\/en\\\/entreprise\\\/request-a-quote\\\/\"]}]},{\"@type\":\"ImageObject\",\"inLanguage\":\"en-US\",\"@id\":\"https:\\\/\\\/codecsa.ch\\\/en\\\/entreprise\\\/request-a-quote\\\/#primaryimage\",\"url\":\"https:\\\/\\\/codecsa.ch\\\/wp-content\\\/uploads\\\/2024\\\/04\\\/Demander-une-offre-a-Codec-SA.jpg\",\"contentUrl\":\"https:\\\/\\\/codecsa.ch\\\/wp-content\\\/uploads\\\/2024\\\/04\\\/Demander-une-offre-a-Codec-SA.jpg\",\"width\":1920,\"height\":1080,\"caption\":\"Demander une offre \u00e0 Codec SA. Nous vous r\u00e9pondrons dans les plus brefs d\u00e9lais et nous mettrons notre \u00e9nergie \u00e0 combler votre demande.\"},{\"@type\":\"BreadcrumbList\",\"@id\":\"https:\\\/\\\/codecsa.ch\\\/en\\\/entreprise\\\/request-a-quote\\\/#breadcrumb\",\"itemListElement\":[{\"@type\":\"ListItem\",\"position\":1,\"name\":\"Accueil\",\"item\":\"https:\\\/\\\/codecsa.ch\\\/en\\\/\"},{\"@type\":\"ListItem\",\"position\":2,\"name\":\"Entreprise\",\"item\":\"https:\\\/\\\/codecsa.ch\\\/en\\\/entreprise\\\/\"},{\"@type\":\"ListItem\",\"position\":3,\"name\":\"Request a Quote\"}]},{\"@type\":\"WebSite\",\"@id\":\"https:\\\/\\\/codecsa.ch\\\/en\\\/#website\",\"url\":\"https:\\\/\\\/codecsa.ch\\\/en\\\/\",\"name\":\"Codec SA\",\"description\":\"Precision Turnes Parts\",\"potentialAction\":[{\"@type\":\"SearchAction\",\"target\":{\"@type\":\"EntryPoint\",\"urlTemplate\":\"https:\\\/\\\/codecsa.ch\\\/en\\\/?s={search_term_string}\"},\"query-input\":{\"@type\":\"PropertyValueSpecification\",\"valueRequired\":true,\"valueName\":\"search_term_string\"}}],\"inLanguage\":\"en-US\"}]}<\/script>\n<!-- \/ Yoast SEO plugin. -->","yoast_head_json":{"title":"Request a Quote - Codec SA","description":"Request a quote from Codec SA. We will respond as soon as possible and will dedicate our energy to fulfilling your request.","robots":{"index":"index","follow":"follow","max-snippet":"max-snippet:-1","max-image-preview":"max-image-preview:large","max-video-preview":"max-video-preview:-1"},"canonical":"https:\/\/codecsa.ch\/en\/entreprise\/request-a-quote\/","og_locale":"en_US","og_type":"article","og_title":"Request a Quote - Codec SA","og_description":"Request a quote from Codec SA. We will respond as soon as possible and will dedicate our energy to fulfilling your request.","og_url":"https:\/\/codecsa.ch\/en\/entreprise\/request-a-quote\/","og_site_name":"Codec SA","article_modified_time":"2026-03-19T09:01:11+00:00","og_image":[{"width":1920,"height":1080,"url":"https:\/\/codecsa.ch\/wp-content\/uploads\/2024\/04\/Demander-une-offre-a-Codec-SA.jpg","type":"image\/jpeg"}],"twitter_card":"summary_large_image","twitter_misc":{"Est. reading time":"3 minutes"},"schema":{"@context":"https:\/\/schema.org","@graph":[{"@type":"WebPage","@id":"https:\/\/codecsa.ch\/en\/entreprise\/request-a-quote\/","url":"https:\/\/codecsa.ch\/en\/entreprise\/request-a-quote\/","name":"Request a Quote - Codec SA","isPartOf":{"@id":"https:\/\/codecsa.ch\/en\/#website"},"primaryImageOfPage":{"@id":"https:\/\/codecsa.ch\/en\/entreprise\/request-a-quote\/#primaryimage"},"image":{"@id":"https:\/\/codecsa.ch\/en\/entreprise\/request-a-quote\/#primaryimage"},"thumbnailUrl":"https:\/\/codecsa.ch\/wp-content\/uploads\/2024\/04\/Demander-une-offre-a-Codec-SA.jpg","datePublished":"2024-04-05T12:01:41+00:00","dateModified":"2026-03-19T09:01:11+00:00","description":"Request a quote from Codec SA. We will respond as soon as possible and will dedicate our energy to fulfilling your request.","breadcrumb":{"@id":"https:\/\/codecsa.ch\/en\/entreprise\/request-a-quote\/#breadcrumb"},"inLanguage":"en-US","potentialAction":[{"@type":"ReadAction","target":["https:\/\/codecsa.ch\/en\/entreprise\/request-a-quote\/"]}]},{"@type":"ImageObject","inLanguage":"en-US","@id":"https:\/\/codecsa.ch\/en\/entreprise\/request-a-quote\/#primaryimage","url":"https:\/\/codecsa.ch\/wp-content\/uploads\/2024\/04\/Demander-une-offre-a-Codec-SA.jpg","contentUrl":"https:\/\/codecsa.ch\/wp-content\/uploads\/2024\/04\/Demander-une-offre-a-Codec-SA.jpg","width":1920,"height":1080,"caption":"Demander une offre \u00e0 Codec SA. Nous vous r\u00e9pondrons dans les plus brefs d\u00e9lais et nous mettrons notre \u00e9nergie \u00e0 combler votre demande."},{"@type":"BreadcrumbList","@id":"https:\/\/codecsa.ch\/en\/entreprise\/request-a-quote\/#breadcrumb","itemListElement":[{"@type":"ListItem","position":1,"name":"Accueil","item":"https:\/\/codecsa.ch\/en\/"},{"@type":"ListItem","position":2,"name":"Entreprise","item":"https:\/\/codecsa.ch\/en\/entreprise\/"},{"@type":"ListItem","position":3,"name":"Request a Quote"}]},{"@type":"WebSite","@id":"https:\/\/codecsa.ch\/en\/#website","url":"https:\/\/codecsa.ch\/en\/","name":"Codec SA","description":"Precision Turnes Parts","potentialAction":[{"@type":"SearchAction","target":{"@type":"EntryPoint","urlTemplate":"https:\/\/codecsa.ch\/en\/?s={search_term_string}"},"query-input":{"@type":"PropertyValueSpecification","valueRequired":true,"valueName":"search_term_string"}}],"inLanguage":"en-US"}]}},"_links":{"self":[{"href":"https:\/\/codecsa.ch\/en\/wp-json\/wp\/v2\/pages\/36347","targetHints":{"allow":["GET"]}}],"collection":[{"href":"https:\/\/codecsa.ch\/en\/wp-json\/wp\/v2\/pages"}],"about":[{"href":"https:\/\/codecsa.ch\/en\/wp-json\/wp\/v2\/types\/page"}],"author":[{"embeddable":true,"href":"https:\/\/codecsa.ch\/en\/wp-json\/wp\/v2\/users\/6"}],"replies":[{"embeddable":true,"href":"https:\/\/codecsa.ch\/en\/wp-json\/wp\/v2\/comments?post=36347"}],"version-history":[{"count":2,"href":"https:\/\/codecsa.ch\/en\/wp-json\/wp\/v2\/pages\/36347\/revisions"}],"predecessor-version":[{"id":36349,"href":"https:\/\/codecsa.ch\/en\/wp-json\/wp\/v2\/pages\/36347\/revisions\/36349"}],"up":[{"embeddable":true,"href":"https:\/\/codecsa.ch\/en\/wp-json\/wp\/v2\/pages\/36326"}],"wp:featuredmedia":[{"embeddable":true,"href":"https:\/\/codecsa.ch\/en\/wp-json\/wp\/v2\/media\/35586"}],"wp:attachment":[{"href":"https:\/\/codecsa.ch\/en\/wp-json\/wp\/v2\/media?parent=36347"}],"curies":[{"name":"wp","href":"https:\/\/api.w.org\/{rel}","templated":true}]}}