{"id":36341,"date":"2024-04-05T13:55:57","date_gmt":"2024-04-05T11:55:57","guid":{"rendered":"https:\/\/codecsa.ch\/cerritos\/entreprise\/news\/"},"modified":"2026-03-19T09:59:02","modified_gmt":"2026-03-19T08:59:02","slug":"news","status":"publish","type":"page","link":"https:\/\/codecsa.ch\/en\/entreprise\/news\/","title":{"rendered":"News"},"content":{"rendered":"<p>[et_pb_section fb_built=&#8221;1&#8243; _builder_version=&#8221;4.25.1&#8243; _module_preset=&#8221;default&#8221; background_color=&#8221;#1f3449&#8243; width=&#8221;99%&#8221; module_alignment=&#8221;right&#8221; custom_margin=&#8221;0vh||0vh|0vh|false|false&#8221; custom_margin_tablet=&#8221;0vh||0vh|2vh|false|false&#8221; custom_margin_phone=&#8221;0vh||0vh|0vh|false|false&#8221; custom_margin_last_edited=&#8221;on|phone&#8221; custom_padding=&#8221;9vh||1px||false|false&#8221; border_radii=&#8221;off|85px|||85px&#8221; global_colors_info=&#8221;{}&#8221;][et_pb_row custom_padding_last_edited=&#8221;on|phone&#8221; _builder_version=&#8221;4.25.0&#8243; _module_preset=&#8221;default&#8221; background_enable_color=&#8221;off&#8221; background_enable_video_mp4=&#8221;off&#8221; width=&#8221;auto&#8221; max_width=&#8221;2560px&#8221; custom_margin=&#8221;2vh|0px|2vh|2vh|false|false&#8221; custom_margin_tablet=&#8221;2vh|0px|2vh|2vh|false|false&#8221; custom_margin_phone=&#8221;|1vh||1vh|false|true&#8221; custom_margin_last_edited=&#8221;on|phone&#8221; custom_padding=&#8221;0px||||false|false&#8221; custom_padding_tablet=&#8221;30vh||||false|false&#8221; custom_padding_phone=&#8221;4vh||||false|false&#8221; border_radii=&#8221;off|85px|||85px&#8221; border_radii_tablet=&#8221;off|85px|||85px&#8221; border_radii_phone=&#8221;off|85px|||85px&#8221; border_radii_last_edited=&#8221;on|phone&#8221; global_colors_info=&#8221;{}&#8221; animation_style=&#8221;flip&#8221; animation_duration=&#8221;1250ms&#8221; animation_delay=&#8221;350ms&#8221;][et_pb_column type=&#8221;4_4&#8243; _builder_version=&#8221;4.24.3&#8243; _module_preset=&#8221;default&#8221; global_colors_info=&#8221;{}&#8221;][et_pb_text _builder_version=&#8221;4.25.0&#8243; _module_preset=&#8221;default&#8221; header_font=&#8221;Gotham Ultra|||on|||||&#8221; header_text_color=&#8221;#FFFFFF&#8221; header_font_size=&#8221;65px&#8221; custom_margin=&#8221;||36px|||&#8221; custom_margin_tablet=&#8221;||36px|||&#8221; custom_margin_phone=&#8221;||36px|||&#8221; custom_margin_last_edited=&#8221;on|phone&#8221; custom_padding=&#8221;26vh|||10vh|false|false&#8221; custom_padding_tablet=&#8221;|||10vh|false|false&#8221; custom_padding_phone=&#8221;5vh|||3vh|false|false&#8221; custom_padding_last_edited=&#8221;on|desktop&#8221; header_font_size_tablet=&#8221;65px&#8221; header_font_size_phone=&#8221;30px&#8221; header_font_size_last_edited=&#8221;on|phone&#8221; global_colors_info=&#8221;{}&#8221;]<\/p>\n<h1>News<\/h1>\n<p>[\/et_pb_text][et_pb_divider color=&#8221;#FFFFFF&#8221; divider_weight=&#8221;3px&#8221; divider_weight_tablet=&#8221;3px&#8221; divider_weight_phone=&#8221;3px&#8221; divider_weight_last_edited=&#8221;on|phone&#8221; _builder_version=&#8221;4.25.0&#8243; _module_preset=&#8221;default&#8221; width=&#8221;23%&#8221; custom_padding=&#8221;|||10vh|false|false&#8221; custom_padding_tablet=&#8221;|||10vh|false|false&#8221; custom_padding_phone=&#8221;|||1vh|false|false&#8221; custom_padding_last_edited=&#8221;on|phone&#8221; global_colors_info=&#8221;{}&#8221;][\/et_pb_divider][\/et_pb_column][\/et_pb_row][\/et_pb_section][et_pb_section fb_built=&#8221;1&#8243; _builder_version=&#8221;4.25.1&#8243; _module_preset=&#8221;default&#8221; background_color=&#8221;#202020&#8243; background_enable_image=&#8221;off&#8221; width=&#8221;99%&#8221; module_alignment=&#8221;right&#8221; custom_margin=&#8221;2vh|||0vh|false|false&#8221; custom_margin_tablet=&#8221;2vh|||2vh|false|false&#8221; custom_margin_phone=&#8221;2vh||0px|0vh|false|false&#8221; custom_margin_last_edited=&#8221;on|phone&#8221; custom_padding=&#8221;||||false|false&#8221; border_radii=&#8221;off|85px|||85px&#8221; global_colors_info=&#8221;{}&#8221;][et_pb_row _builder_version=&#8221;4.25.0&#8243; _module_preset=&#8221;default&#8221; z_index=&#8221;49&#8243; width=&#8221;60%&#8221; max_width=&#8221;2560px&#8221; global_colors_info=&#8221;{}&#8221; animation_style=&#8221;flip&#8221; animation_duration=&#8221;1250ms&#8221; animation_delay=&#8221;350ms&#8221;][et_pb_column type=&#8221;4_4&#8243; _builder_version=&#8221;4.25.0&#8243; _module_preset=&#8221;default&#8221; global_colors_info=&#8221;{}&#8221;][et_pb_blog_extras posts_number=&#8221;12&#8243; include_categories=&#8221;1,14,13&#8243; blog_layout=&#8221;masonry&#8221; masonry_layout=&#8221;block_extended&#8221; column_spacing=&#8221;10px&#8221; featured_image_size=&#8221;full&#8221; use_overlay=&#8221;on&#8221; overlay_icon_color=&#8221;#FFFFFF&#8221; hover_overlay_color=&#8221;rgba(0,0,0,0.48)&#8221; hover_icon=&#8221;\uf06e||fa||400&#8243; excerpt_length=&#8221;0&#8243; use_read_more_button=&#8221;on&#8221; read_more_text=&#8221;En savoir plus&#8221; show_author=&#8221;off&#8221; category_color=&#8221;#FFFFFF&#8221; category_background_color=&#8221;#000000&#8243; show_comments=&#8221;off&#8221; show_load_more=&#8221;on&#8221; load_more_text=&#8221;Charger la suite&#8221; show_less_text=&#8221;Charger moins&#8221; masonry_columns_tablet=&#8221;&#8221; masonry_columns_phone=&#8221;1&#8243; masonry_columns_last_edited=&#8221;on|phone&#8221; _builder_version=&#8221;4.25.1&#8243; _module_preset=&#8221;default&#8221; header_level=&#8221;h4&#8243; header_font=&#8221;Gotham Book||||||||&#8221; header_text_align=&#8221;center&#8221; header_font_size=&#8221;20px&#8221; header_line_height=&#8221;1.4em&#8221; meta_font=&#8221;Gotham Book||||||||&#8221; meta_text_align=&#8221;center&#8221; custom_ajax_pagination=&#8221;on&#8221; ajax_pagination_text_color=&#8221;#FFFFFF&#8221; ajax_pagination_font=&#8221;Gotham Bold||||||||&#8221; ajax_pagination_custom_padding=&#8221;1vh|5vh|1vh|5vh|true|true&#8221; custom_read_more=&#8221;on&#8221; read_more_text_size=&#8221;18px&#8221; read_more_text_color=&#8221;#000000&#8243; read_more_font=&#8221;Gotham Book||||||||&#8221; read_more_alignment=&#8221;center&#8221; read_more_custom_padding=&#8221;1vh|2vh|1vh|2vh|true|true&#8221; custom_padding=&#8221;||||false|false&#8221; hover_enabled=&#8221;0&#8243; global_colors_info=&#8221;{}&#8221; sticky_enabled=&#8221;0&#8243;][\/et_pb_blog_extras][\/et_pb_column][\/et_pb_row][\/et_pb_section]<\/p>\n","protected":false},"excerpt":{"rendered":"<p>News<\/p>\n","protected":false},"author":6,"featured_media":35582,"parent":36326,"menu_order":4,"comment_status":"closed","ping_status":"closed","template":"","meta":{"_et_pb_use_builder":"on","_et_pb_old_content":"","_et_gb_content_width":"","footnotes":""},"class_list":["post-36341","page","type-page","status-publish","has-post-thumbnail","hentry"],"yoast_head":"<!-- This site is optimized with the Yoast SEO plugin v27.6 - https:\/\/yoast.com\/product\/yoast-seo-wordpress\/ -->\n<title>News - Codec SA<\/title>\n<meta name=\"description\" content=\"Discover our news and press articles on this blog dedicated to providing information to Codec SA&#039;s clients, partners and employees.\" \/>\n<meta name=\"robots\" content=\"index, follow, max-snippet:-1, max-image-preview:large, max-video-preview:-1\" \/>\n<link rel=\"canonical\" href=\"https:\/\/codecsa.ch\/en\/entreprise\/news\/\" \/>\n<meta property=\"og:locale\" content=\"en_US\" \/>\n<meta property=\"og:type\" content=\"article\" \/>\n<meta property=\"og:title\" content=\"News - Codec SA\" \/>\n<meta property=\"og:description\" content=\"Discover our news and press articles on this blog dedicated to providing information to Codec SA&#039;s clients, partners and employees.\" \/>\n<meta property=\"og:url\" content=\"https:\/\/codecsa.ch\/en\/entreprise\/news\/\" \/>\n<meta property=\"og:site_name\" content=\"Codec SA\" \/>\n<meta property=\"article:modified_time\" content=\"2026-03-19T08:59:02+00:00\" \/>\n<meta property=\"og:image\" content=\"https:\/\/codecsa.ch\/wp-content\/uploads\/2024\/04\/Nos-actualites-chez-Codec-SA.jpg\" \/>\n\t<meta property=\"og:image:width\" content=\"1280\" \/>\n\t<meta property=\"og:image:height\" content=\"720\" \/>\n\t<meta property=\"og:image:type\" content=\"image\/jpeg\" \/>\n<meta name=\"twitter:card\" content=\"summary_large_image\" \/>\n<meta name=\"twitter:label1\" content=\"Est. reading time\" \/>\n\t<meta name=\"twitter:data1\" content=\"3 minutes\" \/>\n<script type=\"application\/ld+json\" class=\"yoast-schema-graph\">{\"@context\":\"https:\\\/\\\/schema.org\",\"@graph\":[{\"@type\":\"WebPage\",\"@id\":\"https:\\\/\\\/codecsa.ch\\\/en\\\/entreprise\\\/news\\\/\",\"url\":\"https:\\\/\\\/codecsa.ch\\\/en\\\/entreprise\\\/news\\\/\",\"name\":\"News - Codec SA\",\"isPartOf\":{\"@id\":\"https:\\\/\\\/codecsa.ch\\\/en\\\/#website\"},\"primaryImageOfPage\":{\"@id\":\"https:\\\/\\\/codecsa.ch\\\/en\\\/entreprise\\\/news\\\/#primaryimage\"},\"image\":{\"@id\":\"https:\\\/\\\/codecsa.ch\\\/en\\\/entreprise\\\/news\\\/#primaryimage\"},\"thumbnailUrl\":\"https:\\\/\\\/codecsa.ch\\\/wp-content\\\/uploads\\\/2024\\\/04\\\/Nos-actualites-chez-Codec-SA.jpg\",\"datePublished\":\"2024-04-05T11:55:57+00:00\",\"dateModified\":\"2026-03-19T08:59:02+00:00\",\"description\":\"Discover our news and press articles on this blog dedicated to providing information to Codec SA's clients, partners and employees.\",\"breadcrumb\":{\"@id\":\"https:\\\/\\\/codecsa.ch\\\/en\\\/entreprise\\\/news\\\/#breadcrumb\"},\"inLanguage\":\"en-US\",\"potentialAction\":[{\"@type\":\"ReadAction\",\"target\":[\"https:\\\/\\\/codecsa.ch\\\/en\\\/entreprise\\\/news\\\/\"]}]},{\"@type\":\"ImageObject\",\"inLanguage\":\"en-US\",\"@id\":\"https:\\\/\\\/codecsa.ch\\\/en\\\/entreprise\\\/news\\\/#primaryimage\",\"url\":\"https:\\\/\\\/codecsa.ch\\\/wp-content\\\/uploads\\\/2024\\\/04\\\/Nos-actualites-chez-Codec-SA.jpg\",\"contentUrl\":\"https:\\\/\\\/codecsa.ch\\\/wp-content\\\/uploads\\\/2024\\\/04\\\/Nos-actualites-chez-Codec-SA.jpg\",\"width\":1280,\"height\":720,\"caption\":\"D\u00e9couvrez nos actualit\u00e9s et articles de presse sur ce blog d\u00e9di\u00e9 \u00e0 l'information aux clients, partenaires et collaborateurs de Codec SA.\"},{\"@type\":\"BreadcrumbList\",\"@id\":\"https:\\\/\\\/codecsa.ch\\\/en\\\/entreprise\\\/news\\\/#breadcrumb\",\"itemListElement\":[{\"@type\":\"ListItem\",\"position\":1,\"name\":\"Accueil\",\"item\":\"https:\\\/\\\/codecsa.ch\\\/en\\\/\"},{\"@type\":\"ListItem\",\"position\":2,\"name\":\"Entreprise\",\"item\":\"https:\\\/\\\/codecsa.ch\\\/en\\\/entreprise\\\/\"},{\"@type\":\"ListItem\",\"position\":3,\"name\":\"News\"}]},{\"@type\":\"WebSite\",\"@id\":\"https:\\\/\\\/codecsa.ch\\\/en\\\/#website\",\"url\":\"https:\\\/\\\/codecsa.ch\\\/en\\\/\",\"name\":\"Codec SA\",\"description\":\"Precision Turnes Parts\",\"potentialAction\":[{\"@type\":\"SearchAction\",\"target\":{\"@type\":\"EntryPoint\",\"urlTemplate\":\"https:\\\/\\\/codecsa.ch\\\/en\\\/?s={search_term_string}\"},\"query-input\":{\"@type\":\"PropertyValueSpecification\",\"valueRequired\":true,\"valueName\":\"search_term_string\"}}],\"inLanguage\":\"en-US\"}]}<\/script>\n<!-- \/ Yoast SEO plugin. -->","yoast_head_json":{"title":"News - Codec SA","description":"Discover our news and press articles on this blog dedicated to providing information to Codec SA's clients, partners and employees.","robots":{"index":"index","follow":"follow","max-snippet":"max-snippet:-1","max-image-preview":"max-image-preview:large","max-video-preview":"max-video-preview:-1"},"canonical":"https:\/\/codecsa.ch\/en\/entreprise\/news\/","og_locale":"en_US","og_type":"article","og_title":"News - Codec SA","og_description":"Discover our news and press articles on this blog dedicated to providing information to Codec SA's clients, partners and employees.","og_url":"https:\/\/codecsa.ch\/en\/entreprise\/news\/","og_site_name":"Codec SA","article_modified_time":"2026-03-19T08:59:02+00:00","og_image":[{"width":1280,"height":720,"url":"https:\/\/codecsa.ch\/wp-content\/uploads\/2024\/04\/Nos-actualites-chez-Codec-SA.jpg","type":"image\/jpeg"}],"twitter_card":"summary_large_image","twitter_misc":{"Est. reading time":"3 minutes"},"schema":{"@context":"https:\/\/schema.org","@graph":[{"@type":"WebPage","@id":"https:\/\/codecsa.ch\/en\/entreprise\/news\/","url":"https:\/\/codecsa.ch\/en\/entreprise\/news\/","name":"News - Codec SA","isPartOf":{"@id":"https:\/\/codecsa.ch\/en\/#website"},"primaryImageOfPage":{"@id":"https:\/\/codecsa.ch\/en\/entreprise\/news\/#primaryimage"},"image":{"@id":"https:\/\/codecsa.ch\/en\/entreprise\/news\/#primaryimage"},"thumbnailUrl":"https:\/\/codecsa.ch\/wp-content\/uploads\/2024\/04\/Nos-actualites-chez-Codec-SA.jpg","datePublished":"2024-04-05T11:55:57+00:00","dateModified":"2026-03-19T08:59:02+00:00","description":"Discover our news and press articles on this blog dedicated to providing information to Codec SA's clients, partners and employees.","breadcrumb":{"@id":"https:\/\/codecsa.ch\/en\/entreprise\/news\/#breadcrumb"},"inLanguage":"en-US","potentialAction":[{"@type":"ReadAction","target":["https:\/\/codecsa.ch\/en\/entreprise\/news\/"]}]},{"@type":"ImageObject","inLanguage":"en-US","@id":"https:\/\/codecsa.ch\/en\/entreprise\/news\/#primaryimage","url":"https:\/\/codecsa.ch\/wp-content\/uploads\/2024\/04\/Nos-actualites-chez-Codec-SA.jpg","contentUrl":"https:\/\/codecsa.ch\/wp-content\/uploads\/2024\/04\/Nos-actualites-chez-Codec-SA.jpg","width":1280,"height":720,"caption":"D\u00e9couvrez nos actualit\u00e9s et articles de presse sur ce blog d\u00e9di\u00e9 \u00e0 l'information aux clients, partenaires et collaborateurs de Codec SA."},{"@type":"BreadcrumbList","@id":"https:\/\/codecsa.ch\/en\/entreprise\/news\/#breadcrumb","itemListElement":[{"@type":"ListItem","position":1,"name":"Accueil","item":"https:\/\/codecsa.ch\/en\/"},{"@type":"ListItem","position":2,"name":"Entreprise","item":"https:\/\/codecsa.ch\/en\/entreprise\/"},{"@type":"ListItem","position":3,"name":"News"}]},{"@type":"WebSite","@id":"https:\/\/codecsa.ch\/en\/#website","url":"https:\/\/codecsa.ch\/en\/","name":"Codec SA","description":"Precision Turnes Parts","potentialAction":[{"@type":"SearchAction","target":{"@type":"EntryPoint","urlTemplate":"https:\/\/codecsa.ch\/en\/?s={search_term_string}"},"query-input":{"@type":"PropertyValueSpecification","valueRequired":true,"valueName":"search_term_string"}}],"inLanguage":"en-US"}]}},"_links":{"self":[{"href":"https:\/\/codecsa.ch\/en\/wp-json\/wp\/v2\/pages\/36341","targetHints":{"allow":["GET"]}}],"collection":[{"href":"https:\/\/codecsa.ch\/en\/wp-json\/wp\/v2\/pages"}],"about":[{"href":"https:\/\/codecsa.ch\/en\/wp-json\/wp\/v2\/types\/page"}],"author":[{"embeddable":true,"href":"https:\/\/codecsa.ch\/en\/wp-json\/wp\/v2\/users\/6"}],"replies":[{"embeddable":true,"href":"https:\/\/codecsa.ch\/en\/wp-json\/wp\/v2\/comments?post=36341"}],"version-history":[{"count":2,"href":"https:\/\/codecsa.ch\/en\/wp-json\/wp\/v2\/pages\/36341\/revisions"}],"predecessor-version":[{"id":36343,"href":"https:\/\/codecsa.ch\/en\/wp-json\/wp\/v2\/pages\/36341\/revisions\/36343"}],"up":[{"embeddable":true,"href":"https:\/\/codecsa.ch\/en\/wp-json\/wp\/v2\/pages\/36326"}],"wp:featuredmedia":[{"embeddable":true,"href":"https:\/\/codecsa.ch\/en\/wp-json\/wp\/v2\/media\/35582"}],"wp:attachment":[{"href":"https:\/\/codecsa.ch\/en\/wp-json\/wp\/v2\/media?parent=36341"}],"curies":[{"name":"wp","href":"https:\/\/api.w.org\/{rel}","templated":true}]}}