{"id":36574,"date":"2024-01-11T11:06:32","date_gmt":"2024-01-11T10:06:32","guid":{"rendered":"https:\/\/codecsa.ch\/datenschutz\/"},"modified":"2026-03-25T18:14:57","modified_gmt":"2026-03-25T17:14:57","slug":"datenschutz","status":"publish","type":"page","link":"https:\/\/codecsa.ch\/de\/datenschutz\/","title":{"rendered":"Datenschutz"},"content":{"rendered":"\n[et_pb_section fb_built=&#8220;1&#8243; theme_builder_area=&#8220;post_content&#8220; _builder_version=&#8220;4.23.4&#8243; _module_preset=&#8220;default&#8220;][et_pb_row _builder_version=&#8220;4.23.4&#8243; _module_preset=&#8220;default&#8220; theme_builder_area=&#8220;post_content&#8220; custom_padding=&#8220;13vh||||false|false&#8220; hover_enabled=&#8220;0&#8243; sticky_enabled=&#8220;0&#8243;][et_pb_column _builder_version=&#8220;4.23.4&#8243; _module_preset=&#8220;default&#8220; type=&#8220;4_4&#8243; theme_builder_area=&#8220;post_content&#8220;][et_pb_text _builder_version=&#8220;4.23.4&#8243; _module_preset=&#8220;default&#8220; theme_builder_area=&#8220;post_content&#8220; hover_enabled=&#8220;0&#8243; sticky_enabled=&#8220;0&#8243;]<h1>Datenschutz<\/h1>\n<h2>Gesetzgebung<\/h2>\n<p>Als Unternehmen mit Sitz in der Schweiz sind wir verpflichtet, die schweizerischen Datenschutzbestimmungen einzuhalten.<\/p>\n<p>Wir erheben ein Minimum an personenbezogenen Daten, bewahren diese so kurz wie m\u00f6glich auf und gew\u00e4hrleisten deren Schutz.<\/p>\n<p>&nbsp;<\/p>\n<h2>Wer sind wir?<\/h2>\n<p>Die Adresse unserer Website lautet: https:\/\/codecsa.ch.<\/p>\n<p>Firmenname: Codec SA<\/p>\n<p>UID-Nummer: CHE-106.984.750 <\/p>\n<p>Adresse: <span>Cr\u00eats 13, 2056 Dombresson<\/span><\/p>\n<p>Verantwortlich: <span>Di Bernardo, Michel<\/span><\/p>\n<p>E-Mail-Adresse: <a href=\"mailto:info@codecsa.ch\">info@codecsa.ch<\/a><\/p>\n<p>&nbsp;<\/p>\n<p>&nbsp;<\/p>\n<h2>Wer hat ebenfalls Zugriff auf personenbezogene Daten?<\/h2>\n<p>Die Website wird bei Infomaniak SA gehostet <a href=\"https:\/\/infomaniak.ch\">https:\/\/infomaniak.ch<\/a><\/p>\n<p>Die Gestaltung der Website wurde von der Firma Yetinc S\u00e0rl durchgef\u00fchrt <a href=\"https:\/\/yetinc.ch\">https:\/\/yetinc.ch<\/a><\/p>\n<p>Diese beiden oben genannten Unternehmen sind verpflichtet, die gleichen Datenschutzverpflichtungen einzuhalten, was vertraglich festgelegt wurde.<\/p>\n<p>&nbsp;<\/p>\n<h2>Kommentare<\/h2>\n<p>Wenn Sie einen Kommentar auf unserer Website hinterlassen, werden die im Kommentarformular eingegebenen Daten sowie Ihre IP-Adresse und der User-Agent Ihres Browsers erfasst, um uns bei der Erkennung unerw\u00fcnschter Kommentare zu helfen.<\/p>\n<p>Es sei hier daran erinnert, dass die betroffene Person f\u00fcr die Daten verantwortlich ist, die sie in den Kommentaren angibt, und dass ihr empfohlen wird, keine sensiblen Informationen zu erw\u00e4hnen.<\/p>\n<p>Eine anonymisierte Zeichenfolge, die aus Ihrer E-Mail-Adresse erstellt wird (auch Hash genannt), kann an den Gravatar-Dienst gesendet werden, um zu \u00fcberpr\u00fcfen, ob Sie diesen nutzen. Die Datenschutzbestimmungen des Gravatar-Dienstes sind hier verf\u00fcgbar: https:\/\/automattic.com\/privacy\/. Nach Freigabe Ihres Kommentars wird Ihr Profilbild neben Ihrem Kommentar \u00f6ffentlich sichtbar sein. <\/p>\n<p>&nbsp;<\/p>\n<h2>Medien<\/h2>\n<p>Wenn Sie Bilder auf die Website hochladen, empfehlen wir Ihnen, das Hochladen von Bildern zu vermeiden, die EXIF-Daten mit GPS-Koordinaten enthalten. Besucher Ihrer Website k\u00f6nnen Standortdaten aus diesen Bildern herunterladen und extrahieren. <\/p>\n<p>&nbsp;<\/p>\n<h2>Cookies<\/h2>\n<p>Wenn Sie einen Kommentar auf unserer Website hinterlassen, wird Ihnen angeboten, Ihren Namen, Ihre E-Mail-Adresse und Website in Cookies zu speichern. Dies dient ausschlie\u00dflich Ihrem Komfort, damit Sie diese Informationen nicht erneut eingeben m\u00fcssen, wenn Sie sp\u00e4ter einen weiteren Kommentar hinterlassen. Diese Cookies laufen nach einem Jahr ab.  <\/p>\n<p>Wenn Sie die Anmeldeseite aufrufen, wird ein tempor\u00e4res Cookie erstellt, um festzustellen, ob Ihr Browser Cookies akzeptiert. Es enth\u00e4lt keine personenbezogenen Daten und wird beim Schlie\u00dfen Ihres Browsers automatisch gel\u00f6scht. <\/p>\n<p>Wenn Sie sich anmelden, werden wir einige Cookies setzen, um Ihre Anmeldeinformationen und Bildschirmeinstellungen zu speichern. Die Lebensdauer eines Anmelde-Cookies betr\u00e4gt zwei Tage, die eines Cookies f\u00fcr Bildschirmoptionen ein Jahr. Wenn Sie \u201eAngemeldet bleiben\u201c ausw\u00e4hlen, wird Ihr Anmelde-Cookie zwei Wochen lang gespeichert. Wenn Sie sich von Ihrem Konto abmelden, wird das Anmelde-Cookie gel\u00f6scht.   <\/p>\n<p>Beim Bearbeiten oder Ver\u00f6ffentlichen eines Beitrags wird ein zus\u00e4tzliches Cookie in Ihrem Browser gespeichert. Dieses Cookie enth\u00e4lt keine personenbezogenen Daten. Es gibt lediglich die ID des Beitrags an, den Sie gerade bearbeitet haben. Es l\u00e4uft nach einem Tag ab.   <\/p>\n<p>Wir verwenden keine Web-Beacons.<\/p>\n<p>&nbsp;<\/p>\n<h2>Eingebettete Inhalte von anderen Websites<\/h2>\n<p>Artikel auf dieser Website k\u00f6nnen eingebettete Inhalte enthalten (z. B. Videos, Bilder, Artikel usw.). Eingebettete Inhalte von anderen Websites verhalten sich genauso, als ob der Besucher diese andere Website besuchen w\u00fcrde. <\/p>\n<p>Diese Websites k\u00f6nnten Daten \u00fcber Sie sammeln, Cookies verwenden, Tracking-Tools von Drittanbietern einbetten und Ihre Interaktionen mit diesen eingebetteten Inhalten verfolgen, wenn Sie \u00fcber ein verbundenes Konto auf deren Website verf\u00fcgen.<\/p>\n<p>Der Zugriff auf eine Website eines Drittanbieters erfolgt zu keinem Zeitpunkt ohne Wissen der betroffenen Person, und Sie k\u00f6nnen sich zur Verwendung von Cookies durch diese Website eines Drittanbieters \u00e4u\u00dfern.<\/p>\n<p>&nbsp;<\/p>\n<h2>Speicherdauer Ihrer Daten<\/h2>\n<p>Wenn Sie einen Kommentar hinterlassen, werden der Kommentar und seine Metadaten auf unbestimmte Zeit gespeichert. Dies erm\u00f6glicht es, nachfolgende Kommentare automatisch zu erkennen und freizugeben, anstatt sie in der Moderationswarteschlange zu belassen. <\/p>\n<p>F\u00fcr Konten, die sich auf unserer Website registrieren (falls zutreffend), speichern wir auch die in ihrem Profil angegebenen personenbezogenen Daten, n\u00e4mlich:<\/p>\n<p>Name, Vorname, Adresse, Postleitzahl, Ort.<\/p>\n<p>Alle Konten k\u00f6nnen ihre pers\u00f6nlichen Informationen jederzeit einsehen, \u00e4ndern oder l\u00f6schen (mit Ausnahme ihrer Benutzerkennung). Die Website-Administratoren k\u00f6nnen diese Informationen ebenfalls einsehen und \u00e4ndern. <\/p>\n<p>&nbsp;<\/p>\n<h2>Ihre Rechte in Bezug auf Ihre Daten<\/h2>\n<p>Wenn Sie \u00fcber ein Konto verf\u00fcgen oder Kommentare auf der Website hinterlassen haben, k\u00f6nnen Sie eine Datei anfordern, die alle personenbezogenen Daten enth\u00e4lt, die wir \u00fcber Sie gespeichert haben, einschlie\u00dflich der Daten, die Sie uns zur Verf\u00fcgung gestellt haben. Sie k\u00f6nnen auch die L\u00f6schung der Sie betreffenden personenbezogenen Daten beantragen. Dies umfasst nicht die Daten, die zu administrativen, rechtlichen oder Sicherheitszwecken gespeichert werden.  <\/p>\n<p>Allgemein sind die Rechte der betroffenen Personen die Rechte auf: Information, Berichtigung, L\u00f6schung, Einschr\u00e4nkung der Verarbeitung, Widerspruch, Daten\u00fcbertragbarkeit, Beschwerde und Widerruf einer Einwilligung.<\/p>\n<p>&nbsp;<\/p>\n<h2>Wohin Ihre Daten gesendet werden<\/h2>\n<p>Kommentare von Besuchern k\u00f6nnen mithilfe eines automatisierten Dienstes zur Erkennung unerw\u00fcnschter Kommentare \u00fcberpr\u00fcft werden. Wir nutzen den Dienst von Akismet zur Bek\u00e4mpfung unerw\u00fcnschter Nachrichten. <\/p>\n<p>&nbsp;<\/p>\n<p>&nbsp;<\/p>[\/et_pb_text][\/et_pb_column][\/et_pb_row][\/et_pb_section]\n","protected":false},"excerpt":{"rendered":"<p>Datenschutz Gesetzgebung Als Unternehmen mit Sitz in der Schweiz sind wir verpflichtet, die schweizerischen Datenschutzbestimmungen einzuhalten. Wir erheben ein Minimum an personenbezogenen Daten, bewahren diese so kurz wie m\u00f6glich auf und gew\u00e4hrleisten deren Schutz. &nbsp; Wer sind wir? Die Adresse unserer Website lautet: https:\/\/codecsa.ch. Firmenname: Codec SA UID-Nummer: CHE-106.984.750 Adresse: Cr\u00eats 13, 2056 Dombresson Verantwortlich: [&hellip;]<\/p>\n","protected":false},"author":6,"featured_media":0,"parent":0,"menu_order":8,"comment_status":"closed","ping_status":"closed","template":"","meta":{"_et_pb_use_builder":"on","_et_pb_old_content":"","_et_gb_content_width":"","footnotes":""},"class_list":["post-36574","page","type-page","status-publish","hentry"],"yoast_head":"<!-- This site is optimized with the Yoast SEO plugin v27.3 - https:\/\/yoast.com\/product\/yoast-seo-wordpress\/ -->\n<title>Datenschutz - Codec SA<\/title>\n<meta name=\"robots\" content=\"index, follow, max-snippet:-1, max-image-preview:large, max-video-preview:-1\" \/>\n<link rel=\"canonical\" href=\"https:\/\/codecsa.ch\/de\/datenschutz\/\" \/>\n<meta property=\"og:locale\" content=\"de_DE\" \/>\n<meta property=\"og:type\" content=\"article\" \/>\n<meta property=\"og:title\" content=\"Datenschutz - Codec SA\" \/>\n<meta property=\"og:description\" content=\"Datenschutz Gesetzgebung Als Unternehmen mit Sitz in der Schweiz sind wir verpflichtet, die schweizerischen Datenschutzbestimmungen einzuhalten. Wir erheben ein Minimum an personenbezogenen Daten, bewahren diese so kurz wie m\u00f6glich auf und gew\u00e4hrleisten deren Schutz. &nbsp; Wer sind wir? Die Adresse unserer Website lautet: https:\/\/codecsa.ch. Firmenname: Codec SA UID-Nummer: CHE-106.984.750 Adresse: Cr\u00eats 13, 2056 Dombresson Verantwortlich: [&hellip;]\" \/>\n<meta property=\"og:url\" content=\"https:\/\/codecsa.ch\/de\/datenschutz\/\" \/>\n<meta property=\"og:site_name\" content=\"Codec SA\" \/>\n<meta property=\"article:modified_time\" content=\"2026-03-25T17:14:57+00:00\" \/>\n<meta name=\"twitter:card\" content=\"summary_large_image\" \/>\n<meta name=\"twitter:label1\" content=\"Gesch\u00e4tzte Lesezeit\" \/>\n\t<meta name=\"twitter:data1\" content=\"4\u00a0Minuten\" \/>\n<script type=\"application\/ld+json\" class=\"yoast-schema-graph\">{\"@context\":\"https:\\\/\\\/schema.org\",\"@graph\":[{\"@type\":\"WebPage\",\"@id\":\"https:\\\/\\\/codecsa.ch\\\/de\\\/datenschutz\\\/\",\"url\":\"https:\\\/\\\/codecsa.ch\\\/de\\\/datenschutz\\\/\",\"name\":\"Datenschutz - Codec SA\",\"isPartOf\":{\"@id\":\"https:\\\/\\\/codecsa.ch\\\/de\\\/#website\"},\"datePublished\":\"2024-01-11T10:06:32+00:00\",\"dateModified\":\"2026-03-25T17:14:57+00:00\",\"breadcrumb\":{\"@id\":\"https:\\\/\\\/codecsa.ch\\\/de\\\/datenschutz\\\/#breadcrumb\"},\"inLanguage\":\"de\",\"potentialAction\":[{\"@type\":\"ReadAction\",\"target\":[\"https:\\\/\\\/codecsa.ch\\\/de\\\/datenschutz\\\/\"]}]},{\"@type\":\"BreadcrumbList\",\"@id\":\"https:\\\/\\\/codecsa.ch\\\/de\\\/datenschutz\\\/#breadcrumb\",\"itemListElement\":[{\"@type\":\"ListItem\",\"position\":1,\"name\":\"Accueil\",\"item\":\"https:\\\/\\\/codecsa.ch\\\/de\\\/\"},{\"@type\":\"ListItem\",\"position\":2,\"name\":\"Datenschutz\"}]},{\"@type\":\"WebSite\",\"@id\":\"https:\\\/\\\/codecsa.ch\\\/de\\\/#website\",\"url\":\"https:\\\/\\\/codecsa.ch\\\/de\\\/\",\"name\":\"Codec SA\",\"description\":\"Precision Turnes Parts\",\"potentialAction\":[{\"@type\":\"SearchAction\",\"target\":{\"@type\":\"EntryPoint\",\"urlTemplate\":\"https:\\\/\\\/codecsa.ch\\\/de\\\/?s={search_term_string}\"},\"query-input\":{\"@type\":\"PropertyValueSpecification\",\"valueRequired\":true,\"valueName\":\"search_term_string\"}}],\"inLanguage\":\"de\"}]}<\/script>\n<!-- \/ Yoast SEO plugin. -->","yoast_head_json":{"title":"Datenschutz - Codec SA","robots":{"index":"index","follow":"follow","max-snippet":"max-snippet:-1","max-image-preview":"max-image-preview:large","max-video-preview":"max-video-preview:-1"},"canonical":"https:\/\/codecsa.ch\/de\/datenschutz\/","og_locale":"de_DE","og_type":"article","og_title":"Datenschutz - Codec SA","og_description":"Datenschutz Gesetzgebung Als Unternehmen mit Sitz in der Schweiz sind wir verpflichtet, die schweizerischen Datenschutzbestimmungen einzuhalten. Wir erheben ein Minimum an personenbezogenen Daten, bewahren diese so kurz wie m\u00f6glich auf und gew\u00e4hrleisten deren Schutz. &nbsp; Wer sind wir? Die Adresse unserer Website lautet: https:\/\/codecsa.ch. Firmenname: Codec SA UID-Nummer: CHE-106.984.750 Adresse: Cr\u00eats 13, 2056 Dombresson Verantwortlich: [&hellip;]","og_url":"https:\/\/codecsa.ch\/de\/datenschutz\/","og_site_name":"Codec SA","article_modified_time":"2026-03-25T17:14:57+00:00","twitter_card":"summary_large_image","twitter_misc":{"Gesch\u00e4tzte Lesezeit":"4\u00a0Minuten"},"schema":{"@context":"https:\/\/schema.org","@graph":[{"@type":"WebPage","@id":"https:\/\/codecsa.ch\/de\/datenschutz\/","url":"https:\/\/codecsa.ch\/de\/datenschutz\/","name":"Datenschutz - Codec SA","isPartOf":{"@id":"https:\/\/codecsa.ch\/de\/#website"},"datePublished":"2024-01-11T10:06:32+00:00","dateModified":"2026-03-25T17:14:57+00:00","breadcrumb":{"@id":"https:\/\/codecsa.ch\/de\/datenschutz\/#breadcrumb"},"inLanguage":"de","potentialAction":[{"@type":"ReadAction","target":["https:\/\/codecsa.ch\/de\/datenschutz\/"]}]},{"@type":"BreadcrumbList","@id":"https:\/\/codecsa.ch\/de\/datenschutz\/#breadcrumb","itemListElement":[{"@type":"ListItem","position":1,"name":"Accueil","item":"https:\/\/codecsa.ch\/de\/"},{"@type":"ListItem","position":2,"name":"Datenschutz"}]},{"@type":"WebSite","@id":"https:\/\/codecsa.ch\/de\/#website","url":"https:\/\/codecsa.ch\/de\/","name":"Codec SA","description":"Precision Turnes Parts","potentialAction":[{"@type":"SearchAction","target":{"@type":"EntryPoint","urlTemplate":"https:\/\/codecsa.ch\/de\/?s={search_term_string}"},"query-input":{"@type":"PropertyValueSpecification","valueRequired":true,"valueName":"search_term_string"}}],"inLanguage":"de"}]}},"_links":{"self":[{"href":"https:\/\/codecsa.ch\/de\/wp-json\/wp\/v2\/pages\/36574","targetHints":{"allow":["GET"]}}],"collection":[{"href":"https:\/\/codecsa.ch\/de\/wp-json\/wp\/v2\/pages"}],"about":[{"href":"https:\/\/codecsa.ch\/de\/wp-json\/wp\/v2\/types\/page"}],"author":[{"embeddable":true,"href":"https:\/\/codecsa.ch\/de\/wp-json\/wp\/v2\/users\/6"}],"replies":[{"embeddable":true,"href":"https:\/\/codecsa.ch\/de\/wp-json\/wp\/v2\/comments?post=36574"}],"version-history":[{"count":1,"href":"https:\/\/codecsa.ch\/de\/wp-json\/wp\/v2\/pages\/36574\/revisions"}],"predecessor-version":[{"id":36575,"href":"https:\/\/codecsa.ch\/de\/wp-json\/wp\/v2\/pages\/36574\/revisions\/36575"}],"wp:attachment":[{"href":"https:\/\/codecsa.ch\/de\/wp-json\/wp\/v2\/media?parent=36574"}],"curies":[{"name":"wp","href":"https:\/\/api.w.org\/{rel}","templated":true}]}}