{"id":36446,"date":"2024-04-05T13:55:57","date_gmt":"2024-04-05T11:55:57","guid":{"rendered":"https:\/\/codecsa.ch\/cerritos\/geschaeft\/aktuelles\/"},"modified":"2026-03-19T12:04:25","modified_gmt":"2026-03-19T11:04:25","slug":"aktuelles","status":"publish","type":"page","link":"https:\/\/codecsa.ch\/de\/geschaeft\/aktuelles\/","title":{"rendered":"Aktuelles"},"content":{"rendered":"<p>[et_pb_section fb_built=&#8220;1&#8243; _builder_version=&#8220;4.25.1&#8243; _module_preset=&#8220;default&#8220; background_color=&#8220;#1f3449&#8243; width=&#8220;99%&#8220; module_alignment=&#8220;right&#8220; custom_margin=&#8220;0vh||0vh|0vh|false|false&#8220; custom_margin_tablet=&#8220;0vh||0vh|2vh|false|false&#8220; custom_margin_phone=&#8220;0vh||0vh|0vh|false|false&#8220; custom_margin_last_edited=&#8220;on|phone&#8220; custom_padding=&#8220;9vh||1px||false|false&#8220; border_radii=&#8220;off|85px|||85px&#8220; global_colors_info=&#8220;{}&#8220;][et_pb_row custom_padding_last_edited=&#8220;on|phone&#8220; _builder_version=&#8220;4.25.0&#8243; _module_preset=&#8220;default&#8220; background_enable_color=&#8220;off&#8220; background_enable_video_mp4=&#8220;off&#8220; width=&#8220;auto&#8220; max_width=&#8220;2560px&#8220; custom_margin=&#8220;2vh|0px|2vh|2vh|false|false&#8220; custom_margin_tablet=&#8220;2vh|0px|2vh|2vh|false|false&#8220; custom_margin_phone=&#8220;|1vh||1vh|false|true&#8220; custom_margin_last_edited=&#8220;on|phone&#8220; custom_padding=&#8220;0px||||false|false&#8220; custom_padding_tablet=&#8220;30vh||||false|false&#8220; custom_padding_phone=&#8220;4vh||||false|false&#8220; border_radii=&#8220;off|85px|||85px&#8220; border_radii_tablet=&#8220;off|85px|||85px&#8220; border_radii_phone=&#8220;off|85px|||85px&#8220; border_radii_last_edited=&#8220;on|phone&#8220; global_colors_info=&#8220;{}&#8220; animation_style=&#8220;flip&#8220; animation_duration=&#8220;1250ms&#8220; animation_delay=&#8220;350ms&#8220;][et_pb_column type=&#8220;4_4&#8243; _builder_version=&#8220;4.24.3&#8243; _module_preset=&#8220;default&#8220; global_colors_info=&#8220;{}&#8220;][et_pb_text _builder_version=&#8220;4.25.0&#8243; _module_preset=&#8220;default&#8220; header_font=&#8220;Gotham Ultra|||on|||||&#8220; header_text_color=&#8220;#FFFFFF&#8220; header_font_size=&#8220;65px&#8220; custom_margin=&#8220;||36px|||&#8220; custom_margin_tablet=&#8220;||36px|||&#8220; custom_margin_phone=&#8220;||36px|||&#8220; custom_margin_last_edited=&#8220;on|phone&#8220; custom_padding=&#8220;26vh|||10vh|false|false&#8220; custom_padding_tablet=&#8220;|||10vh|false|false&#8220; custom_padding_phone=&#8220;5vh|||3vh|false|false&#8220; custom_padding_last_edited=&#8220;on|desktop&#8220; header_font_size_tablet=&#8220;65px&#8220; header_font_size_phone=&#8220;30px&#8220; header_font_size_last_edited=&#8220;on|phone&#8220; global_colors_info=&#8220;{}&#8220;]<\/p>\n<h1>Aktuelles<\/h1>\n<p>[\/et_pb_text][et_pb_divider color=&#8220;#FFFFFF&#8220; divider_weight=&#8220;3px&#8220; divider_weight_tablet=&#8220;3px&#8220; divider_weight_phone=&#8220;3px&#8220; divider_weight_last_edited=&#8220;on|phone&#8220; _builder_version=&#8220;4.25.0&#8243; _module_preset=&#8220;default&#8220; width=&#8220;23%&#8220; custom_padding=&#8220;|||10vh|false|false&#8220; custom_padding_tablet=&#8220;|||10vh|false|false&#8220; custom_padding_phone=&#8220;|||1vh|false|false&#8220; custom_padding_last_edited=&#8220;on|phone&#8220; global_colors_info=&#8220;{}&#8220;][\/et_pb_divider][\/et_pb_column][\/et_pb_row][\/et_pb_section][et_pb_section fb_built=&#8220;1&#8243; _builder_version=&#8220;4.25.1&#8243; _module_preset=&#8220;default&#8220; background_color=&#8220;#202020&#8243; background_enable_image=&#8220;off&#8220; width=&#8220;99%&#8220; module_alignment=&#8220;right&#8220; custom_margin=&#8220;2vh|||0vh|false|false&#8220; custom_margin_tablet=&#8220;2vh|||2vh|false|false&#8220; custom_margin_phone=&#8220;2vh||0px|0vh|false|false&#8220; custom_margin_last_edited=&#8220;on|phone&#8220; custom_padding=&#8220;||||false|false&#8220; border_radii=&#8220;off|85px|||85px&#8220; global_colors_info=&#8220;{}&#8220;][et_pb_row _builder_version=&#8220;4.25.0&#8243; _module_preset=&#8220;default&#8220; z_index=&#8220;49&#8243; width=&#8220;60%&#8220; max_width=&#8220;2560px&#8220; global_colors_info=&#8220;{}&#8220; animation_style=&#8220;flip&#8220; animation_duration=&#8220;1250ms&#8220; animation_delay=&#8220;350ms&#8220;][et_pb_column type=&#8220;4_4&#8243; _builder_version=&#8220;4.25.0&#8243; _module_preset=&#8220;default&#8220; global_colors_info=&#8220;{}&#8220;][et_pb_blog_extras posts_number=&#8220;12&#8243; include_categories=&#8220;1,14,13&#8243; blog_layout=&#8220;masonry&#8220; masonry_layout=&#8220;block_extended&#8220; column_spacing=&#8220;10px&#8220; featured_image_size=&#8220;full&#8220; use_overlay=&#8220;on&#8220; overlay_icon_color=&#8220;#FFFFFF&#8220; hover_overlay_color=&#8220;rgba(0,0,0,0.48)&#8220; hover_icon=&#8220;\uf06e||fa||400&#8243; excerpt_length=&#8220;0&#8243; use_read_more_button=&#8220;on&#8220; read_more_text=&#8220;En savoir plus&#8220; show_author=&#8220;off&#8220; category_color=&#8220;#FFFFFF&#8220; category_background_color=&#8220;#000000&#8243; show_comments=&#8220;off&#8220; show_load_more=&#8220;on&#8220; load_more_text=&#8220;Charger la suite&#8220; show_less_text=&#8220;Charger moins&#8220; masonry_columns_tablet=&#8220;&#8220; masonry_columns_phone=&#8220;1&#8243; masonry_columns_last_edited=&#8220;on|phone&#8220; _builder_version=&#8220;4.25.1&#8243; _module_preset=&#8220;default&#8220; header_level=&#8220;h4&#8243; header_font=&#8220;Gotham Book||||||||&#8220; header_text_align=&#8220;center&#8220; header_font_size=&#8220;20px&#8220; header_line_height=&#8220;1.4em&#8220; meta_font=&#8220;Gotham Book||||||||&#8220; meta_text_align=&#8220;center&#8220; custom_ajax_pagination=&#8220;on&#8220; ajax_pagination_text_color=&#8220;#FFFFFF&#8220; ajax_pagination_font=&#8220;Gotham Bold||||||||&#8220; ajax_pagination_custom_padding=&#8220;1vh|5vh|1vh|5vh|true|true&#8220; custom_read_more=&#8220;on&#8220; read_more_text_size=&#8220;18px&#8220; read_more_text_color=&#8220;#000000&#8243; read_more_font=&#8220;Gotham Book||||||||&#8220; read_more_alignment=&#8220;center&#8220; read_more_custom_padding=&#8220;1vh|2vh|1vh|2vh|true|true&#8220; custom_padding=&#8220;||||false|false&#8220; hover_enabled=&#8220;0&#8243; global_colors_info=&#8220;{}&#8220; sticky_enabled=&#8220;0&#8243;][\/et_pb_blog_extras][\/et_pb_column][\/et_pb_row][\/et_pb_section]<\/p>\n","protected":false},"excerpt":{"rendered":"<p>Aktuelles<\/p>\n","protected":false},"author":6,"featured_media":35583,"parent":36431,"menu_order":4,"comment_status":"closed","ping_status":"closed","template":"","meta":{"_et_pb_use_builder":"on","_et_pb_old_content":"","_et_gb_content_width":"","footnotes":""},"class_list":["post-36446","page","type-page","status-publish","has-post-thumbnail","hentry"],"yoast_head":"<!-- This site is optimized with the Yoast SEO plugin v27.6 - https:\/\/yoast.com\/product\/yoast-seo-wordpress\/ -->\n<title>Aktuelles - Codec SA<\/title>\n<meta name=\"description\" content=\"Entdecken Sie unsere Neuigkeiten und Presseartikel in diesem Blog, der sich der Information von Kunden, Partnern und Mitarbeitern von Codec SA widmet.\" \/>\n<meta name=\"robots\" content=\"index, follow, max-snippet:-1, max-image-preview:large, max-video-preview:-1\" \/>\n<link rel=\"canonical\" href=\"https:\/\/codecsa.ch\/de\/geschaeft\/aktuelles\/\" \/>\n<meta property=\"og:locale\" content=\"de_DE\" \/>\n<meta property=\"og:type\" content=\"article\" \/>\n<meta property=\"og:title\" content=\"Aktuelles - Codec SA\" \/>\n<meta property=\"og:description\" content=\"Entdecken Sie unsere Neuigkeiten und Presseartikel in diesem Blog, der sich der Information von Kunden, Partnern und Mitarbeitern von Codec SA widmet.\" \/>\n<meta property=\"og:url\" content=\"https:\/\/codecsa.ch\/de\/geschaeft\/aktuelles\/\" \/>\n<meta property=\"og:site_name\" content=\"Codec SA\" \/>\n<meta property=\"article:modified_time\" content=\"2026-03-19T11:04:25+00:00\" \/>\n<meta property=\"og:image\" content=\"https:\/\/codecsa.ch\/wp-content\/uploads\/2024\/04\/Nos-actualites-chez-Codec-SA.jpg\" \/>\n\t<meta property=\"og:image:width\" content=\"1280\" \/>\n\t<meta property=\"og:image:height\" content=\"720\" \/>\n\t<meta property=\"og:image:type\" content=\"image\/jpeg\" \/>\n<meta name=\"twitter:card\" content=\"summary_large_image\" \/>\n<meta name=\"twitter:label1\" content=\"Gesch\u00e4tzte Lesezeit\" \/>\n\t<meta name=\"twitter:data1\" content=\"3\u00a0Minute\" \/>\n<script type=\"application\/ld+json\" class=\"yoast-schema-graph\">{\"@context\":\"https:\\\/\\\/schema.org\",\"@graph\":[{\"@type\":\"WebPage\",\"@id\":\"https:\\\/\\\/codecsa.ch\\\/de\\\/geschaeft\\\/aktuelles\\\/\",\"url\":\"https:\\\/\\\/codecsa.ch\\\/de\\\/geschaeft\\\/aktuelles\\\/\",\"name\":\"Aktuelles - Codec SA\",\"isPartOf\":{\"@id\":\"https:\\\/\\\/codecsa.ch\\\/de\\\/#website\"},\"primaryImageOfPage\":{\"@id\":\"https:\\\/\\\/codecsa.ch\\\/de\\\/geschaeft\\\/aktuelles\\\/#primaryimage\"},\"image\":{\"@id\":\"https:\\\/\\\/codecsa.ch\\\/de\\\/geschaeft\\\/aktuelles\\\/#primaryimage\"},\"thumbnailUrl\":\"https:\\\/\\\/codecsa.ch\\\/wp-content\\\/uploads\\\/2024\\\/04\\\/Nos-actualites-chez-Codec-SA.jpg\",\"datePublished\":\"2024-04-05T11:55:57+00:00\",\"dateModified\":\"2026-03-19T11:04:25+00:00\",\"description\":\"Entdecken Sie unsere Neuigkeiten und Presseartikel in diesem Blog, der sich der Information von Kunden, Partnern und Mitarbeitern von Codec SA widmet.\",\"breadcrumb\":{\"@id\":\"https:\\\/\\\/codecsa.ch\\\/de\\\/geschaeft\\\/aktuelles\\\/#breadcrumb\"},\"inLanguage\":\"de\",\"potentialAction\":[{\"@type\":\"ReadAction\",\"target\":[\"https:\\\/\\\/codecsa.ch\\\/de\\\/geschaeft\\\/aktuelles\\\/\"]}]},{\"@type\":\"ImageObject\",\"inLanguage\":\"de\",\"@id\":\"https:\\\/\\\/codecsa.ch\\\/de\\\/geschaeft\\\/aktuelles\\\/#primaryimage\",\"url\":\"https:\\\/\\\/codecsa.ch\\\/wp-content\\\/uploads\\\/2024\\\/04\\\/Nos-actualites-chez-Codec-SA.jpg\",\"contentUrl\":\"https:\\\/\\\/codecsa.ch\\\/wp-content\\\/uploads\\\/2024\\\/04\\\/Nos-actualites-chez-Codec-SA.jpg\",\"width\":1280,\"height\":720,\"caption\":\"D\u00e9couvrez nos actualit\u00e9s et articles de presse sur ce blog d\u00e9di\u00e9 \u00e0 l'information aux clients, partenaires et collaborateurs de Codec SA.\"},{\"@type\":\"BreadcrumbList\",\"@id\":\"https:\\\/\\\/codecsa.ch\\\/de\\\/geschaeft\\\/aktuelles\\\/#breadcrumb\",\"itemListElement\":[{\"@type\":\"ListItem\",\"position\":1,\"name\":\"Startseite\",\"item\":\"https:\\\/\\\/codecsa.ch\\\/de\\\/\"},{\"@type\":\"ListItem\",\"position\":2,\"name\":\"Gesch\u00e4ft\",\"item\":\"https:\\\/\\\/codecsa.ch\\\/de\\\/geschaeft\\\/\"},{\"@type\":\"ListItem\",\"position\":3,\"name\":\"Aktuelles\"}]},{\"@type\":\"WebSite\",\"@id\":\"https:\\\/\\\/codecsa.ch\\\/de\\\/#website\",\"url\":\"https:\\\/\\\/codecsa.ch\\\/de\\\/\",\"name\":\"Codec SA\",\"description\":\"Precision Turnes Parts\",\"potentialAction\":[{\"@type\":\"SearchAction\",\"target\":{\"@type\":\"EntryPoint\",\"urlTemplate\":\"https:\\\/\\\/codecsa.ch\\\/de\\\/?s={search_term_string}\"},\"query-input\":{\"@type\":\"PropertyValueSpecification\",\"valueRequired\":true,\"valueName\":\"search_term_string\"}}],\"inLanguage\":\"de\"}]}<\/script>\n<!-- \/ Yoast SEO plugin. -->","yoast_head_json":{"title":"Aktuelles - Codec SA","description":"Entdecken Sie unsere Neuigkeiten und Presseartikel in diesem Blog, der sich der Information von Kunden, Partnern und Mitarbeitern von Codec SA widmet.","robots":{"index":"index","follow":"follow","max-snippet":"max-snippet:-1","max-image-preview":"max-image-preview:large","max-video-preview":"max-video-preview:-1"},"canonical":"https:\/\/codecsa.ch\/de\/geschaeft\/aktuelles\/","og_locale":"de_DE","og_type":"article","og_title":"Aktuelles - Codec SA","og_description":"Entdecken Sie unsere Neuigkeiten und Presseartikel in diesem Blog, der sich der Information von Kunden, Partnern und Mitarbeitern von Codec SA widmet.","og_url":"https:\/\/codecsa.ch\/de\/geschaeft\/aktuelles\/","og_site_name":"Codec SA","article_modified_time":"2026-03-19T11:04:25+00:00","og_image":[{"width":1280,"height":720,"url":"https:\/\/codecsa.ch\/wp-content\/uploads\/2024\/04\/Nos-actualites-chez-Codec-SA.jpg","type":"image\/jpeg"}],"twitter_card":"summary_large_image","twitter_misc":{"Gesch\u00e4tzte Lesezeit":"3\u00a0Minute"},"schema":{"@context":"https:\/\/schema.org","@graph":[{"@type":"WebPage","@id":"https:\/\/codecsa.ch\/de\/geschaeft\/aktuelles\/","url":"https:\/\/codecsa.ch\/de\/geschaeft\/aktuelles\/","name":"Aktuelles - Codec SA","isPartOf":{"@id":"https:\/\/codecsa.ch\/de\/#website"},"primaryImageOfPage":{"@id":"https:\/\/codecsa.ch\/de\/geschaeft\/aktuelles\/#primaryimage"},"image":{"@id":"https:\/\/codecsa.ch\/de\/geschaeft\/aktuelles\/#primaryimage"},"thumbnailUrl":"https:\/\/codecsa.ch\/wp-content\/uploads\/2024\/04\/Nos-actualites-chez-Codec-SA.jpg","datePublished":"2024-04-05T11:55:57+00:00","dateModified":"2026-03-19T11:04:25+00:00","description":"Entdecken Sie unsere Neuigkeiten und Presseartikel in diesem Blog, der sich der Information von Kunden, Partnern und Mitarbeitern von Codec SA widmet.","breadcrumb":{"@id":"https:\/\/codecsa.ch\/de\/geschaeft\/aktuelles\/#breadcrumb"},"inLanguage":"de","potentialAction":[{"@type":"ReadAction","target":["https:\/\/codecsa.ch\/de\/geschaeft\/aktuelles\/"]}]},{"@type":"ImageObject","inLanguage":"de","@id":"https:\/\/codecsa.ch\/de\/geschaeft\/aktuelles\/#primaryimage","url":"https:\/\/codecsa.ch\/wp-content\/uploads\/2024\/04\/Nos-actualites-chez-Codec-SA.jpg","contentUrl":"https:\/\/codecsa.ch\/wp-content\/uploads\/2024\/04\/Nos-actualites-chez-Codec-SA.jpg","width":1280,"height":720,"caption":"D\u00e9couvrez nos actualit\u00e9s et articles de presse sur ce blog d\u00e9di\u00e9 \u00e0 l'information aux clients, partenaires et collaborateurs de Codec SA."},{"@type":"BreadcrumbList","@id":"https:\/\/codecsa.ch\/de\/geschaeft\/aktuelles\/#breadcrumb","itemListElement":[{"@type":"ListItem","position":1,"name":"Startseite","item":"https:\/\/codecsa.ch\/de\/"},{"@type":"ListItem","position":2,"name":"Gesch\u00e4ft","item":"https:\/\/codecsa.ch\/de\/geschaeft\/"},{"@type":"ListItem","position":3,"name":"Aktuelles"}]},{"@type":"WebSite","@id":"https:\/\/codecsa.ch\/de\/#website","url":"https:\/\/codecsa.ch\/de\/","name":"Codec SA","description":"Precision Turnes Parts","potentialAction":[{"@type":"SearchAction","target":{"@type":"EntryPoint","urlTemplate":"https:\/\/codecsa.ch\/de\/?s={search_term_string}"},"query-input":{"@type":"PropertyValueSpecification","valueRequired":true,"valueName":"search_term_string"}}],"inLanguage":"de"}]}},"_links":{"self":[{"href":"https:\/\/codecsa.ch\/de\/wp-json\/wp\/v2\/pages\/36446","targetHints":{"allow":["GET"]}}],"collection":[{"href":"https:\/\/codecsa.ch\/de\/wp-json\/wp\/v2\/pages"}],"about":[{"href":"https:\/\/codecsa.ch\/de\/wp-json\/wp\/v2\/types\/page"}],"author":[{"embeddable":true,"href":"https:\/\/codecsa.ch\/de\/wp-json\/wp\/v2\/users\/6"}],"replies":[{"embeddable":true,"href":"https:\/\/codecsa.ch\/de\/wp-json\/wp\/v2\/comments?post=36446"}],"version-history":[{"count":2,"href":"https:\/\/codecsa.ch\/de\/wp-json\/wp\/v2\/pages\/36446\/revisions"}],"predecessor-version":[{"id":36448,"href":"https:\/\/codecsa.ch\/de\/wp-json\/wp\/v2\/pages\/36446\/revisions\/36448"}],"up":[{"embeddable":true,"href":"https:\/\/codecsa.ch\/de\/wp-json\/wp\/v2\/pages\/36431"}],"wp:featuredmedia":[{"embeddable":true,"href":"https:\/\/codecsa.ch\/de\/wp-json\/wp\/v2\/media\/35583"}],"wp:attachment":[{"href":"https:\/\/codecsa.ch\/de\/wp-json\/wp\/v2\/media?parent=36446"}],"curies":[{"name":"wp","href":"https:\/\/api.w.org\/{rel}","templated":true}]}}