{"id":36416,"date":"2024-04-05T12:11:17","date_gmt":"2024-04-05T10:11:17","guid":{"rendered":"https:\/\/codecsa.ch\/cerritos\/unsere-taetigkeitsfelder\/automobil\/"},"modified":"2026-03-19T11:43:28","modified_gmt":"2026-03-19T10:43:28","slug":"automobil","status":"publish","type":"page","link":"https:\/\/codecsa.ch\/de\/unsere-taetigkeitsfelder\/automobil\/","title":{"rendered":"Automobil"},"content":{"rendered":"<p>[et_pb_section fb_built=&#8220;1&#8243; _builder_version=&#8220;4.25.0&#8243; _module_preset=&#8220;default&#8220; background_color=&#8220;#1f3449&#8243; custom_margin=&#8220;0vh||0vh|2vh|false|false&#8220; custom_margin_tablet=&#8220;0vh||0vh|2vh|false|false&#8220; custom_margin_phone=&#8220;0vh||0vh|0vh|false|false&#8220; custom_margin_last_edited=&#8220;on|phone&#8220; custom_padding=&#8220;9vh||1px||false|false&#8220; border_radii=&#8220;off|85px|||85px&#8220; global_colors_info=&#8220;{}&#8220;][et_pb_row custom_padding_last_edited=&#8220;on|phone&#8220; _builder_version=&#8220;4.25.1&#8243; _module_preset=&#8220;default&#8220; background_color=&#8220;rgba(0,0,0,0.8)&#8220; background_image=&#8220;https:\/\/codecsa.ch\/wp-content\/uploads\/2024\/05\/automobile-1.jpg&#8220; background_blend=&#8220;overlay&#8220; background_enable_video_mp4=&#8220;off&#8220; width=&#8220;auto&#8220; max_width=&#8220;2560px&#8220; custom_margin=&#8220;2vh|0px|2vh|2vh|false|false&#8220; custom_margin_tablet=&#8220;2vh|0px|2vh|2vh|false|false&#8220; custom_margin_phone=&#8220;|1vh||1vh|false|true&#8220; custom_margin_last_edited=&#8220;on|phone&#8220; custom_padding=&#8220;26vh||||false|false&#8220; custom_padding_tablet=&#8220;30vh||||false|false&#8220; custom_padding_phone=&#8220;4vh||||false|false&#8220; animation_style=&#8220;flip&#8220; animation_duration=&#8220;1250ms&#8220; animation_delay=&#8220;350ms&#8220; border_radii=&#8220;off|85px|||85px&#8220; border_radii_tablet=&#8220;off|85px|||85px&#8220; border_radii_phone=&#8220;off|85px|||85px&#8220; border_radii_last_edited=&#8220;on|phone&#8220; global_colors_info=&#8220;{}&#8220;][et_pb_column type=&#8220;4_4&#8243; _builder_version=&#8220;4.24.3&#8243; _module_preset=&#8220;default&#8220; global_colors_info=&#8220;{}&#8220;][et_pb_text _builder_version=&#8220;4.25.0&#8243; _module_preset=&#8220;default&#8220; header_font=&#8220;Gotham Ultra|||on|||||&#8220; header_text_align=&#8220;center&#8220; header_text_color=&#8220;#FFFFFF&#8220; header_font_size=&#8220;65px&#8220; custom_margin=&#8220;||36px|||&#8220; custom_margin_tablet=&#8220;||36px|||&#8220; custom_margin_phone=&#8220;||36px|||&#8220; custom_margin_last_edited=&#8220;on|phone&#8220; custom_padding=&#8220;|||0px|false|false&#8220; custom_padding_tablet=&#8220;|||10vh|false|false&#8220; custom_padding_phone=&#8220;3vh|3vh||3vh|false|true&#8220; custom_padding_last_edited=&#8220;on|desktop&#8220; header_font_size_tablet=&#8220;65px&#8220; header_font_size_phone=&#8220;30px&#8220; header_font_size_last_edited=&#8220;on|phone&#8220; global_colors_info=&#8220;{}&#8220;]<\/p>\n<h1>Automobil<\/h1>\n<p>[\/et_pb_text][et_pb_divider color=&#8220;#FFFFFF&#8220; divider_weight=&#8220;3px&#8220; divider_weight_tablet=&#8220;3px&#8220; divider_weight_phone=&#8220;3px&#8220; divider_weight_last_edited=&#8220;on|phone&#8220; _builder_version=&#8220;4.25.0&#8243; _module_preset=&#8220;default&#8220; width=&#8220;60%&#8220; module_alignment=&#8220;center&#8220; custom_padding=&#8220;|||0px|false|false&#8220; custom_padding_tablet=&#8220;|||10vh|false|false&#8220; custom_padding_phone=&#8220;|||1vh|false|false&#8220; custom_padding_last_edited=&#8220;on|phone&#8220; global_colors_info=&#8220;{}&#8220;][\/et_pb_divider][et_pb_text _builder_version=&#8220;4.25.0&#8243; _module_preset=&#8220;default&#8220; text_font=&#8220;Gotham Book||||||||&#8220; text_text_color=&#8220;#FFFFFF&#8220; text_font_size=&#8220;22px&#8220; header_text_color=&#8220;#FFFFFF&#8220; header_font_size=&#8220;85px&#8220; header_2_font=&#8220;Gotham Bold||||||||&#8220; header_2_text_color=&#8220;#FFFFFF&#8220; header_2_font_size=&#8220;25px&#8220; width=&#8220;50%&#8220; width_tablet=&#8220;40%&#8220; width_phone=&#8220;100%&#8220; width_last_edited=&#8220;on|phone&#8220; module_alignment=&#8220;center&#8220; custom_margin=&#8220;||12vh||false|false&#8220; custom_margin_tablet=&#8220;||31vh||false|false&#8220; custom_margin_phone=&#8220;||2vh||false|false&#8220; custom_margin_last_edited=&#8220;on|phone&#8220; custom_padding=&#8220;|||0px|false|false&#8220; custom_padding_tablet=&#8220;|||10vh|false|false&#8220; custom_padding_phone=&#8220;|3vh||3vh|false|true&#8220; custom_padding_last_edited=&#8220;on|phone&#8220; header_2_font_size_tablet=&#8220;25px&#8220; header_2_font_size_phone=&#8220;17px&#8220; header_2_font_size_last_edited=&#8220;on|phone&#8220; global_colors_info=&#8220;{}&#8220;]<\/p>\n<p>Wir sind stolz auf unseren Beitrag zur Automobilindustrie, indem wir hochwertige Pr\u00e4zisionsteile liefern. Dank unseres technischen Know-hows und unseres Engagements f\u00fcr Spitzenleistungen produzieren wir wesentliche Komponenten, die den strengen Anforderungen dieses sich st\u00e4ndig weiterentwickelnden Sektors gerecht werden. Als zuverl\u00e4ssiger Partner sind wir bestrebt, innovative und massgeschneiderte L\u00f6sungen zu liefern, die die Leistung und Haltbarkeit von Fahrzeugen f\u00fcr unsere Kunden aus der Automobilindustrie verbessern.  <\/p>\n<p>[\/et_pb_text][et_pb_text _builder_version=&#8220;4.25.0&#8243; _module_preset=&#8220;default&#8220; text_font=&#8220;||||||||&#8220; text_text_color=&#8220;#FFFFFF&#8220; text_font_size=&#8220;17px&#8220; link_font=&#8220;Gotham Medium||||on||||&#8220; link_text_color=&#8220;#FFFFFF&#8220; header_text_color=&#8220;#FFFFFF&#8220; header_font_size=&#8220;85px&#8220; header_2_text_color=&#8220;#FFFFFF&#8220; header_2_font_size=&#8220;30px&#8220; width=&#8220;100%&#8220; custom_margin=&#8220;||0vh||false|false&#8220; custom_padding=&#8220;|||10vh|false|false&#8220; custom_padding_tablet=&#8220;|||10vh|false|false&#8220; custom_padding_phone=&#8220;|||1vh|false|false&#8220; custom_padding_last_edited=&#8220;on|phone&#8220; text_font_size_tablet=&#8220;17px&#8220; text_font_size_phone=&#8220;12px&#8220; text_font_size_last_edited=&#8220;on|phone&#8220; global_colors_info=&#8220;{}&#8220;]<\/p>\n<p><img decoding=\"async\" src=\"https:\/\/codecsa.ch\/wp-content\/uploads\/2024\/04\/logo-Codec-Group.svg\" width=\"20\" height=\"20\" alt=\"\" class=\"wp-image-30564 alignnone size-full\">     <a href=\"https:\/\/codecgroup.ch\/\" target=\"_blank\" rel=\"noopener\">Codec Group \u2013 Schweizer Qualit\u00e4t von <span style=\"color: #a9232b;\">\u00b5<\/span>icro bis <span style=\"color: #a9232b;\">M<\/span>ega<\/a><\/p>\n<p>[\/et_pb_text][\/et_pb_column][\/et_pb_row][\/et_pb_section][et_pb_section fb_built=&#8220;1&#8243; _builder_version=&#8220;4.25.0&#8243; _module_preset=&#8220;default&#8220; background_color=&#8220;#1d3a4c&#8220; background_image=&#8220;https:\/\/codecsa.ch\/wp-content\/uploads\/2024\/04\/fond2-1.png&#8220; custom_margin=&#8220;2vh|||2vh|false|false&#8220; custom_margin_tablet=&#8220;2vh|||2vh|false|false&#8220; custom_margin_phone=&#8220;2vh|||0vh|false|false&#8220; custom_margin_last_edited=&#8220;on|phone&#8220; custom_padding=&#8220;||0px|||&#8220; border_radii=&#8220;off|85px|||85px&#8220; global_colors_info=&#8220;{}&#8220;][et_pb_row column_structure=&#8220;1_3,1_3,1_3&#8243; _builder_version=&#8220;4.25.0&#8243; _module_preset=&#8220;default&#8220; width=&#8220;100%&#8220; max_width=&#8220;2560px&#8220; custom_margin=&#8220;|||10vh|false|false&#8220; custom_margin_tablet=&#8220;|||10vh|false|false&#8220; custom_margin_phone=&#8220;|||2vh|false|false&#8220; custom_margin_last_edited=&#8220;on|phone&#8220; custom_padding=&#8220;||||false|false&#8220; animation_style=&#8220;flip&#8220; animation_duration=&#8220;1250ms&#8220; animation_delay=&#8220;350ms&#8220; global_colors_info=&#8220;{}&#8220;][et_pb_column type=&#8220;1_3&#8243; _builder_version=&#8220;4.24.3&#8243; _module_preset=&#8220;default&#8220; global_colors_info=&#8220;{}&#8220;][et_pb_text _builder_version=&#8220;4.25.1&#8243; _module_preset=&#8220;default&#8220; header_2_font=&#8220;Gotham Ultra||||||||&#8220; header_2_text_color=&#8220;#FFFFFF&#8220; header_2_font_size=&#8220;40px&#8220; width=&#8220;70%&#8220; custom_padding=&#8220;10vw|||0vh|false|false&#8220; custom_padding_tablet=&#8220;14vw|||0vh|false|false&#8220; custom_padding_phone=&#8220;14vw|1vh||0vh|false|false&#8220; custom_padding_last_edited=&#8220;on|phone&#8220; header_2_font_size_tablet=&#8220;40px&#8220; header_2_font_size_phone=&#8220;20px&#8220; header_2_font_size_last_edited=&#8220;on|phone&#8220; global_colors_info=&#8220;{}&#8220;]<\/p>\n<h2>Beispielteile <\/h2>\n<p>[\/et_pb_text][\/et_pb_column][et_pb_column type=&#8220;1_3&#8243; _builder_version=&#8220;4.24.3&#8243; _module_preset=&#8220;default&#8220; global_colors_info=&#8220;{}&#8220;][et_pb_divider color=&#8220;#FFFFFF&#8220; _builder_version=&#8220;4.25.0&#8243; _module_preset=&#8220;default&#8220; custom_padding=&#8220;10vw||||false|false&#8220; global_colors_info=&#8220;{}&#8220;][\/et_pb_divider][\/et_pb_column][et_pb_column type=&#8220;1_3&#8243; _builder_version=&#8220;4.24.3&#8243; _module_preset=&#8220;default&#8220; global_colors_info=&#8220;{}&#8220;][et_pb_text _builder_version=&#8220;4.25.0&#8243; _module_preset=&#8220;default&#8220; text_font=&#8220;Gotham Medium||||||||&#8220; text_text_color=&#8220;#FFFFFF&#8220; text_font_size=&#8220;17px&#8220; header_2_font=&#8220;Gotham Ultra||||||||&#8220; header_2_text_color=&#8220;#FFFFFF&#8220; header_2_font_size=&#8220;40px&#8220; width=&#8220;70%&#8220; custom_padding=&#8220;9vw||||false|false&#8220; custom_padding_tablet=&#8220;|||0vh|false|false&#8220; custom_padding_phone=&#8220;|2vh||0vh|false|false&#8220; custom_padding_last_edited=&#8220;on|phone&#8220; text_font_size_tablet=&#8220;17px&#8220; text_font_size_phone=&#8220;14px&#8220; text_font_size_last_edited=&#8220;on|phone&#8220; global_colors_info=&#8220;{}&#8220;]<\/p>\n<p>Mit unseren Sortierkapazit\u00e4ten garantieren wir Ihnen eine Nullfehlerquote.Avec nos capacit\u00e9s de tri, nous vous garantissons une qualit\u00e9 \u00ab Z\u00e9ro D\u00e9faut \u00bb.<\/p>\n<p>[\/et_pb_text][\/et_pb_column][\/et_pb_row][et_pb_row column_structure=&#8220;1_4,1_4,1_4,1_4&#8243; use_custom_gutter=&#8220;on&#8220; gutter_width=&#8220;2&#8243; custom_padding_last_edited=&#8220;on|phone&#8220; _builder_version=&#8220;4.25.1&#8243; _module_preset=&#8220;default&#8220; width=&#8220;90%&#8220; max_width=&#8220;2560px&#8220; custom_margin=&#8220;|||10vh|false|false&#8220; custom_margin_tablet=&#8220;|||10vh|false|false&#8220; custom_margin_phone=&#8220;|||2vh|false|false&#8220; custom_margin_last_edited=&#8220;on|phone&#8220; custom_padding=&#8220;||||false|false&#8220; custom_padding_tablet=&#8220;||||false|false&#8220; custom_padding_phone=&#8220;||||false|false&#8220; animation_style=&#8220;flip&#8220; animation_duration=&#8220;1250ms&#8220; animation_delay=&#8220;350ms&#8220; global_colors_info=&#8220;{}&#8220;][et_pb_column type=&#8220;1_4&#8243; _builder_version=&#8220;4.25.0&#8243; _module_preset=&#8220;default&#8220; global_colors_info=&#8220;{}&#8220;][et_pb_image src=&#8220;https:\/\/codecsa.ch\/wp-content\/uploads\/2024\/04\/sector2-part1-h480.png&#8220; title_text=&#8220;sector2-part1-h480&#8243; _builder_version=&#8220;4.25.0&#8243; _module_preset=&#8220;default&#8220; global_colors_info=&#8220;{}&#8220; custom_padding=&#8220;24px||24px||true|&#8220;][\/et_pb_image][et_pb_text _builder_version=&#8220;4.25.1&#8243; _module_preset=&#8220;default&#8220; header_3_font=&#8220;Gotham Ultra||||||||&#8220; header_3_text_align=&#8220;center&#8220; header_3_text_color=&#8220;#FFFFFF&#8220; global_colors_info=&#8220;{}&#8220;]<\/p>\n<h3>Teil aus austenitischem Edelstahl<\/h3>\n<p>[\/et_pb_text][et_pb_text _builder_version=&#8220;4.25.0&#8243; _module_preset=&#8220;default&#8220; header_3_font=&#8220;Gotham Medium||||||||&#8220; header_3_text_align=&#8220;center&#8220; header_3_text_color=&#8220;#FFFFFF&#8220; header_3_font_size=&#8220;17px&#8220; global_colors_info=&#8220;{}&#8220;]<\/p>\n<h3>\u00f8 4.00 mm; L 18.80 mm<\/h3>\n<p>[\/et_pb_text][\/et_pb_column][et_pb_column type=&#8220;1_4&#8243; _builder_version=&#8220;4.25.0&#8243; _module_preset=&#8220;default&#8220; global_colors_info=&#8220;{}&#8220;][et_pb_image src=&#8220;https:\/\/codecsa.ch\/wp-content\/uploads\/2024\/06\/1557-002-1.png&#8220; title_text=&#8220;1557-002&#8243; _builder_version=&#8220;4.25.2&#8243; _module_preset=&#8220;default&#8220; width=&#8220;70%&#8220; module_alignment=&#8220;center&#8220; global_colors_info=&#8220;{}&#8220;][\/et_pb_image][et_pb_text _builder_version=&#8220;4.25.1&#8243; _module_preset=&#8220;default&#8220; header_3_font=&#8220;Gotham Ultra||||||||&#8220; header_3_text_align=&#8220;center&#8220; header_3_text_color=&#8220;#FFFFFF&#8220; global_colors_info=&#8220;{}&#8220;]<\/p>\n<h3>Aluminiumteil<\/h3>\n<p>[\/et_pb_text][et_pb_text _builder_version=&#8220;4.25.1&#8243; _module_preset=&#8220;default&#8220; header_3_font=&#8220;Gotham Medium||||||||&#8220; header_3_text_align=&#8220;center&#8220; header_3_text_color=&#8220;#FFFFFF&#8220; header_3_font_size=&#8220;17px&#8220; global_colors_info=&#8220;{}&#8220;]<\/p>\n<h3>\u00f8 3.18 mm; L 3.60 mm<\/h3>\n<p>[\/et_pb_text][\/et_pb_column][et_pb_column type=&#8220;1_4&#8243; _builder_version=&#8220;4.25.0&#8243; _module_preset=&#8220;default&#8220; global_colors_info=&#8220;{}&#8220;][et_pb_image src=&#8220;https:\/\/codecsa.ch\/wp-content\/uploads\/2024\/06\/1203-001-1.png&#8220; title_text=&#8220;1203-001&#8243; _builder_version=&#8220;4.25.1&#8243; _module_preset=&#8220;default&#8220; width=&#8220;70%&#8220; module_alignment=&#8220;center&#8220; global_colors_info=&#8220;{}&#8220;][\/et_pb_image][et_pb_text _builder_version=&#8220;4.25.1&#8243; _module_preset=&#8220;default&#8220; header_3_font=&#8220;Gotham Ultra||||||||&#8220; header_3_text_align=&#8220;center&#8220; header_3_text_color=&#8220;#FFFFFF&#8220; global_colors_info=&#8220;{}&#8220;]<\/p>\n<h3>Aluminiumteil<\/h3>\n<p>[\/et_pb_text][et_pb_text _builder_version=&#8220;4.25.1&#8243; _module_preset=&#8220;default&#8220; header_3_font=&#8220;Gotham Medium||||||||&#8220; header_3_text_align=&#8220;center&#8220; header_3_text_color=&#8220;#FFFFFF&#8220; header_3_font_size=&#8220;17px&#8220; global_colors_info=&#8220;{}&#8220;]<\/p>\n<h3>\u00f8 3.94 mm; L 11.89 mm<\/h3>\n<p>[\/et_pb_text][\/et_pb_column][et_pb_column type=&#8220;1_4&#8243; _builder_version=&#8220;4.25.0&#8243; _module_preset=&#8220;default&#8220; global_colors_info=&#8220;{}&#8220;][et_pb_image src=&#8220;https:\/\/codecsa.ch\/wp-content\/uploads\/2024\/04\/5036-005.png&#8220; title_text=&#8220;5036-005&#8243; _builder_version=&#8220;4.25.1&#8243; _module_preset=&#8220;default&#8220; width=&#8220;70%&#8220; module_alignment=&#8220;center&#8220; global_colors_info=&#8220;{}&#8220;][\/et_pb_image][et_pb_text _builder_version=&#8220;4.25.1&#8243; _module_preset=&#8220;default&#8220; header_3_font=&#8220;Gotham Ultra||||||||&#8220; header_3_text_align=&#8220;center&#8220; header_3_text_color=&#8220;#FFFFFF&#8220; global_colors_info=&#8220;{}&#8220;]<\/p>\n<h3>Chromstahlteil<\/h3>\n<p>[\/et_pb_text][et_pb_text _builder_version=&#8220;4.25.1&#8243; _module_preset=&#8220;default&#8220; header_3_font=&#8220;Gotham Medium||||||||&#8220; header_3_text_align=&#8220;center&#8220; header_3_text_color=&#8220;#FFFFFF&#8220; header_3_font_size=&#8220;17px&#8220; global_colors_info=&#8220;{}&#8220;]<\/p>\n<h3>\u00f8 3.50 mm; L 13.00 mm<\/h3>\n<p>[\/et_pb_text][\/et_pb_column][\/et_pb_row][et_pb_row column_structure=&#8220;1_2,1_2&#8243; use_custom_gutter=&#8220;on&#8220; gutter_width=&#8220;1&#8243; make_equal=&#8220;on&#8220; _builder_version=&#8220;4.25.0&#8243; _module_preset=&#8220;default&#8220; width=&#8220;50%&#8220; width_tablet=&#8220;50%&#8220; width_phone=&#8220;100%&#8220; width_last_edited=&#8220;on|desktop&#8220; max_width=&#8220;2560px&#8220; module_alignment=&#8220;right&#8220; custom_margin=&#8220;0px||0px||false|false&#8220; custom_padding=&#8220;0px||0px||false|false&#8220; global_colors_info=&#8220;{}&#8220;][et_pb_column type=&#8220;1_2&#8243; _builder_version=&#8220;4.25.0&#8243; _dynamic_attributes=&#8220;link_option_url&#8220; _module_preset=&#8220;default&#8220; background_color=&#8220;#1f3449&#8243; custom_padding=&#8220;4vh||4vh||true|false&#8220; link_option_url=&#8220;@ET-DC@eyJkeW5hbWljIjp0cnVlLCJjb250ZW50IjoicG9zdF9saW5rX3VybF9wYWdlIiwic2V0dGluZ3MiOnsicG9zdF9pZCI6IjMwNDQyIn19@&#8220; global_colors_info=&#8220;{}&#8220; background__hover_enabled=&#8220;on|hover&#8220; background_color__hover=&#8220;#202020&#8243; background_enable_color__hover=&#8220;on&#8220;][et_pb_text _builder_version=&#8220;4.25.0&#8243; _module_preset=&#8220;default&#8220; text_font=&#8220;Gotham Bold||||||||&#8220; text_text_color=&#8220;#FFFFFF&#8220; text_font_size=&#8220;22px&#8220; background_enable_color=&#8220;off&#8220; text_orientation=&#8220;center&#8220; custom_padding=&#8220;0px||0px||false|false&#8220; global_colors_info=&#8220;{}&#8220; background__hover_enabled=&#8220;on|desktop&#8220; background_color__hover=&#8220;&#8220; background_enable_color__hover=&#8220;off&#8220;]<\/p>\n<p>Ein Angebot anfordern<\/p>\n<p>[\/et_pb_text][\/et_pb_column][et_pb_column type=&#8220;1_2&#8243; _builder_version=&#8220;4.25.0&#8243; _dynamic_attributes=&#8220;link_option_url&#8220; _module_preset=&#8220;default&#8220; background_color=&#8220;#3c807f&#8220; custom_padding=&#8220;4vh||4vh||true|false&#8220; link_option_url=&#8220;@ET-DC@eyJkeW5hbWljIjp0cnVlLCJjb250ZW50IjoicG9zdF9saW5rX3VybF9wYWdlIiwic2V0dGluZ3MiOnsicG9zdF9pZCI6IjMwNDQ1In19@&#8220; global_colors_info=&#8220;{}&#8220; background__hover_enabled=&#8220;on|hover&#8220; background_color__hover=&#8220;#202020&#8243; background_enable_color__hover=&#8220;on&#8220;][et_pb_text _builder_version=&#8220;4.25.0&#8243; _module_preset=&#8220;default&#8220; text_font=&#8220;Gotham Bold||||||||&#8220; text_text_color=&#8220;#FFFFFF&#8220; text_font_size=&#8220;22px&#8220; background_enable_color=&#8220;off&#8220; text_orientation=&#8220;center&#8220; custom_padding=&#8220;0px||0px||false|false&#8220; global_colors_info=&#8220;{}&#8220; background__hover_enabled=&#8220;on|desktop&#8220; background_color__hover=&#8220;&#8220; background_enable_color__hover=&#8220;off&#8220;]<\/p>\n<p>Produktionskapazit\u00e4ten<\/p>\n<p>[\/et_pb_text][\/et_pb_column][\/et_pb_row][\/et_pb_section]<\/p>\n","protected":false},"excerpt":{"rendered":"<p>AutomobilWir sind stolz auf unseren Beitrag zur Automobilindustrie, indem wir hochwertige Pr\u00e4zisionsteile liefern. Dank unseres technischen Know-hows und unseres Engagements f\u00fcr Spitzenleistungen produzieren wir wesentliche Komponenten, die den strengen Anforderungen dieses sich st\u00e4ndig weiterentwickelnden Sektors gerecht werden. Als zuverl\u00e4ssiger Partner sind wir bestrebt, innovative und massgeschneiderte L\u00f6sungen zu liefern, die die Leistung und Haltbarkeit von [&hellip;]<\/p>\n","protected":false},"author":6,"featured_media":0,"parent":36413,"menu_order":0,"comment_status":"closed","ping_status":"closed","template":"","meta":{"_et_pb_use_builder":"on","_et_pb_old_content":"","_et_gb_content_width":"","footnotes":""},"class_list":["post-36416","page","type-page","status-publish","hentry"],"yoast_head":"<!-- This site is optimized with the Yoast SEO plugin v27.6 - https:\/\/yoast.com\/product\/yoast-seo-wordpress\/ -->\n<title>Automobil - Codec SA<\/title>\n<meta name=\"description\" content=\"Wir sind stolz darauf, mit der Lieferung hochwertiger Pr\u00e4zisionsteile einen Beitrag zur Automobilindustrie zu leisten.\" \/>\n<meta name=\"robots\" content=\"index, follow, max-snippet:-1, max-image-preview:large, max-video-preview:-1\" \/>\n<link rel=\"canonical\" href=\"https:\/\/codecsa.ch\/de\/unsere-taetigkeitsfelder\/automobil\/\" \/>\n<meta property=\"og:locale\" content=\"de_DE\" \/>\n<meta property=\"og:type\" content=\"article\" \/>\n<meta property=\"og:title\" content=\"Automobil - Codec SA\" \/>\n<meta property=\"og:description\" content=\"Wir sind stolz darauf, mit der Lieferung hochwertiger Pr\u00e4zisionsteile einen Beitrag zur Automobilindustrie zu leisten.\" \/>\n<meta property=\"og:url\" content=\"https:\/\/codecsa.ch\/de\/unsere-taetigkeitsfelder\/automobil\/\" \/>\n<meta property=\"og:site_name\" content=\"Codec SA\" \/>\n<meta property=\"article:modified_time\" content=\"2026-03-19T10:43:28+00:00\" \/>\n<meta name=\"twitter:card\" content=\"summary_large_image\" \/>\n<meta name=\"twitter:label1\" content=\"Gesch\u00e4tzte Lesezeit\" \/>\n\t<meta name=\"twitter:data1\" content=\"9\u00a0Minute\" \/>\n<script type=\"application\/ld+json\" class=\"yoast-schema-graph\">{\"@context\":\"https:\\\/\\\/schema.org\",\"@graph\":[{\"@type\":\"WebPage\",\"@id\":\"https:\\\/\\\/codecsa.ch\\\/de\\\/unsere-taetigkeitsfelder\\\/automobil\\\/\",\"url\":\"https:\\\/\\\/codecsa.ch\\\/de\\\/unsere-taetigkeitsfelder\\\/automobil\\\/\",\"name\":\"Automobil - Codec SA\",\"isPartOf\":{\"@id\":\"https:\\\/\\\/codecsa.ch\\\/de\\\/#website\"},\"primaryImageOfPage\":{\"@id\":\"https:\\\/\\\/codecsa.ch\\\/de\\\/unsere-taetigkeitsfelder\\\/automobil\\\/#primaryimage\"},\"image\":{\"@id\":\"https:\\\/\\\/codecsa.ch\\\/de\\\/unsere-taetigkeitsfelder\\\/automobil\\\/#primaryimage\"},\"thumbnailUrl\":\"https:\\\/\\\/codecsa.ch\\\/wp-content\\\/uploads\\\/2024\\\/04\\\/logo-Codec-Group.svg\",\"datePublished\":\"2024-04-05T10:11:17+00:00\",\"dateModified\":\"2026-03-19T10:43:28+00:00\",\"description\":\"Wir sind stolz darauf, mit der Lieferung hochwertiger Pr\u00e4zisionsteile einen Beitrag zur Automobilindustrie zu leisten.\",\"breadcrumb\":{\"@id\":\"https:\\\/\\\/codecsa.ch\\\/de\\\/unsere-taetigkeitsfelder\\\/automobil\\\/#breadcrumb\"},\"inLanguage\":\"de\",\"potentialAction\":[{\"@type\":\"ReadAction\",\"target\":[\"https:\\\/\\\/codecsa.ch\\\/de\\\/unsere-taetigkeitsfelder\\\/automobil\\\/\"]}]},{\"@type\":\"ImageObject\",\"inLanguage\":\"de\",\"@id\":\"https:\\\/\\\/codecsa.ch\\\/de\\\/unsere-taetigkeitsfelder\\\/automobil\\\/#primaryimage\",\"url\":\"https:\\\/\\\/codecsa.ch\\\/wp-content\\\/uploads\\\/2024\\\/04\\\/logo-Codec-Group.svg\",\"contentUrl\":\"https:\\\/\\\/codecsa.ch\\\/wp-content\\\/uploads\\\/2024\\\/04\\\/logo-Codec-Group.svg\"},{\"@type\":\"BreadcrumbList\",\"@id\":\"https:\\\/\\\/codecsa.ch\\\/de\\\/unsere-taetigkeitsfelder\\\/automobil\\\/#breadcrumb\",\"itemListElement\":[{\"@type\":\"ListItem\",\"position\":1,\"name\":\"Startseite\",\"item\":\"https:\\\/\\\/codecsa.ch\\\/de\\\/\"},{\"@type\":\"ListItem\",\"position\":2,\"name\":\"Unsere T\u00e4tigkeitsfelder\",\"item\":\"https:\\\/\\\/codecsa.ch\\\/de\\\/unsere-taetigkeitsfelder\\\/\"},{\"@type\":\"ListItem\",\"position\":3,\"name\":\"Automobil\"}]},{\"@type\":\"WebSite\",\"@id\":\"https:\\\/\\\/codecsa.ch\\\/de\\\/#website\",\"url\":\"https:\\\/\\\/codecsa.ch\\\/de\\\/\",\"name\":\"Codec SA\",\"description\":\"Precision Turnes Parts\",\"potentialAction\":[{\"@type\":\"SearchAction\",\"target\":{\"@type\":\"EntryPoint\",\"urlTemplate\":\"https:\\\/\\\/codecsa.ch\\\/de\\\/?s={search_term_string}\"},\"query-input\":{\"@type\":\"PropertyValueSpecification\",\"valueRequired\":true,\"valueName\":\"search_term_string\"}}],\"inLanguage\":\"de\"}]}<\/script>\n<!-- \/ Yoast SEO plugin. -->","yoast_head_json":{"title":"Automobil - Codec SA","description":"Wir sind stolz darauf, mit der Lieferung hochwertiger Pr\u00e4zisionsteile einen Beitrag zur Automobilindustrie zu leisten.","robots":{"index":"index","follow":"follow","max-snippet":"max-snippet:-1","max-image-preview":"max-image-preview:large","max-video-preview":"max-video-preview:-1"},"canonical":"https:\/\/codecsa.ch\/de\/unsere-taetigkeitsfelder\/automobil\/","og_locale":"de_DE","og_type":"article","og_title":"Automobil - Codec SA","og_description":"Wir sind stolz darauf, mit der Lieferung hochwertiger Pr\u00e4zisionsteile einen Beitrag zur Automobilindustrie zu leisten.","og_url":"https:\/\/codecsa.ch\/de\/unsere-taetigkeitsfelder\/automobil\/","og_site_name":"Codec SA","article_modified_time":"2026-03-19T10:43:28+00:00","twitter_card":"summary_large_image","twitter_misc":{"Gesch\u00e4tzte Lesezeit":"9\u00a0Minute"},"schema":{"@context":"https:\/\/schema.org","@graph":[{"@type":"WebPage","@id":"https:\/\/codecsa.ch\/de\/unsere-taetigkeitsfelder\/automobil\/","url":"https:\/\/codecsa.ch\/de\/unsere-taetigkeitsfelder\/automobil\/","name":"Automobil - Codec SA","isPartOf":{"@id":"https:\/\/codecsa.ch\/de\/#website"},"primaryImageOfPage":{"@id":"https:\/\/codecsa.ch\/de\/unsere-taetigkeitsfelder\/automobil\/#primaryimage"},"image":{"@id":"https:\/\/codecsa.ch\/de\/unsere-taetigkeitsfelder\/automobil\/#primaryimage"},"thumbnailUrl":"https:\/\/codecsa.ch\/wp-content\/uploads\/2024\/04\/logo-Codec-Group.svg","datePublished":"2024-04-05T10:11:17+00:00","dateModified":"2026-03-19T10:43:28+00:00","description":"Wir sind stolz darauf, mit der Lieferung hochwertiger Pr\u00e4zisionsteile einen Beitrag zur Automobilindustrie zu leisten.","breadcrumb":{"@id":"https:\/\/codecsa.ch\/de\/unsere-taetigkeitsfelder\/automobil\/#breadcrumb"},"inLanguage":"de","potentialAction":[{"@type":"ReadAction","target":["https:\/\/codecsa.ch\/de\/unsere-taetigkeitsfelder\/automobil\/"]}]},{"@type":"ImageObject","inLanguage":"de","@id":"https:\/\/codecsa.ch\/de\/unsere-taetigkeitsfelder\/automobil\/#primaryimage","url":"https:\/\/codecsa.ch\/wp-content\/uploads\/2024\/04\/logo-Codec-Group.svg","contentUrl":"https:\/\/codecsa.ch\/wp-content\/uploads\/2024\/04\/logo-Codec-Group.svg"},{"@type":"BreadcrumbList","@id":"https:\/\/codecsa.ch\/de\/unsere-taetigkeitsfelder\/automobil\/#breadcrumb","itemListElement":[{"@type":"ListItem","position":1,"name":"Startseite","item":"https:\/\/codecsa.ch\/de\/"},{"@type":"ListItem","position":2,"name":"Unsere T\u00e4tigkeitsfelder","item":"https:\/\/codecsa.ch\/de\/unsere-taetigkeitsfelder\/"},{"@type":"ListItem","position":3,"name":"Automobil"}]},{"@type":"WebSite","@id":"https:\/\/codecsa.ch\/de\/#website","url":"https:\/\/codecsa.ch\/de\/","name":"Codec SA","description":"Precision Turnes Parts","potentialAction":[{"@type":"SearchAction","target":{"@type":"EntryPoint","urlTemplate":"https:\/\/codecsa.ch\/de\/?s={search_term_string}"},"query-input":{"@type":"PropertyValueSpecification","valueRequired":true,"valueName":"search_term_string"}}],"inLanguage":"de"}]}},"_links":{"self":[{"href":"https:\/\/codecsa.ch\/de\/wp-json\/wp\/v2\/pages\/36416","targetHints":{"allow":["GET"]}}],"collection":[{"href":"https:\/\/codecsa.ch\/de\/wp-json\/wp\/v2\/pages"}],"about":[{"href":"https:\/\/codecsa.ch\/de\/wp-json\/wp\/v2\/types\/page"}],"author":[{"embeddable":true,"href":"https:\/\/codecsa.ch\/de\/wp-json\/wp\/v2\/users\/6"}],"replies":[{"embeddable":true,"href":"https:\/\/codecsa.ch\/de\/wp-json\/wp\/v2\/comments?post=36416"}],"version-history":[{"count":2,"href":"https:\/\/codecsa.ch\/de\/wp-json\/wp\/v2\/pages\/36416\/revisions"}],"predecessor-version":[{"id":36418,"href":"https:\/\/codecsa.ch\/de\/wp-json\/wp\/v2\/pages\/36416\/revisions\/36418"}],"up":[{"embeddable":true,"href":"https:\/\/codecsa.ch\/de\/wp-json\/wp\/v2\/pages\/36413"}],"wp:attachment":[{"href":"https:\/\/codecsa.ch\/de\/wp-json\/wp\/v2\/media?parent=36416"}],"curies":[{"name":"wp","href":"https:\/\/api.w.org\/{rel}","templated":true}]}}